{"id":742,"date":"2021-12-03T11:09:24","date_gmt":"2021-12-03T11:09:24","guid":{"rendered":"https:\/\/fundacionnoelia.org\/?post_type=product&#038;p=742"},"modified":"2025-07-01T09:54:37","modified_gmt":"2025-07-01T09:54:37","slug":"trilogia-julieta","status":"publish","type":"product","link":"https:\/\/fundacionnoelia.org\/en\/tienda\/trilogia-julieta\/","title":{"rendered":"Trilog\u00eda Julieta Completa"},"content":{"rendered":null,"protected":false},"excerpt":{"rendered":"<p>Trilog\u00eda Julieta Completa<\/p>\n<p>Incluye:<br \/>\n&#8211; La trilog\u00eda completa, con &#8220;Hasta pronto, Julieta&#8221;, &#8220;Vuela, Julieta&#8221; y &#8220;Siempre, Julieta&#8221;<br \/>\n&#8211; Tote bag amarilla Hasta pronto Julieta y Fundaci\u00f3n Noelia de regalo.<\/p>\n<p><strong>Sinopsis:<\/strong><\/p>\n<p>Lea, una chica de diecisiete a\u00f1os que quiere mejorar su ingl\u00e9s, decide cruzar el charco para estudiar su \u00faltimo curso de instituto en Willport, un peque\u00f1o pueblo al noreste de Estados Unidos. James, un joven de Nueva York desencantado con la m\u00fasica, su gran pasi\u00f3n, y con el mundo en general, tras la muerte de su padre, se muda al pueblo de su familia. Lea se siente perdida lejos de su casa. James ha creado una barrera a su alrededor que nadie ha conseguido derribar. Tienen un a\u00f1o por delante en un mismo destino.<\/p>\n<p>Amistad. Atracci\u00f3n. Deseo. Pasi\u00f3n. Primeras experiencias.<\/p>\n<p>Esta novela, fresca y de r\u00e1pida lectura, te sumergir\u00e1 en una historia de amor contada en primera persona por sus protagonistas. Acompa\u00f1a a Lea y James y enam\u00f3rate con ellos.<\/p>\n<p>Para mayores de diecis\u00e9is a\u00f1os.<\/p>\n","protected":false},"featured_media":53181,"template":"","meta":[],"product_brand":[],"product_cat":[18],"product_tag":[],"class_list":{"0":"post-742","1":"product","2":"type-product","3":"status-publish","4":"has-post-thumbnail","6":"product_cat-libro","7":"entry","8":"has-media","10":"first","11":"instock","12":"featured","13":"shipping-taxable","14":"purchasable","15":"product-type-simple"},"yoast_head":"<!-- This site is optimized with the Yoast SEO plugin v27.2 - https:\/\/yoast.com\/product\/yoast-seo-wordpress\/ -->\n<title>Trilog\u00eda Julieta Completa - Fundaci\u00f3n Noelia<\/title>\n<meta name=\"robots\" content=\"index, follow, max-snippet:-1, max-image-preview:large, max-video-preview:-1\" \/>\n<link rel=\"canonical\" href=\"https:\/\/fundacionnoelia.org\/en\/tienda\/trilogia-julieta\/\" \/>\n<meta property=\"og:locale\" content=\"en_US\" \/>\n<meta property=\"og:type\" content=\"article\" \/>\n<meta property=\"og:title\" content=\"Trilog\u00eda Julieta Completa - Fundaci\u00f3n Noelia\" \/>\n<meta property=\"og:description\" content=\"Trilog\u00eda Julieta Completa  Incluye: - La trilog\u00eda completa, con &quot;Hasta pronto, Julieta&quot;, &quot;Vuela, Julieta&quot; y &quot;Siempre, Julieta&quot; - Tote bag amarilla Hasta pronto Julieta y Fundaci\u00f3n Noelia de regalo.  Sinopsis:  Lea, una chica de diecisiete a\u00f1os que quiere mejorar su ingl\u00e9s, decide cruzar el charco para estudiar su \u00faltimo curso de instituto en Willport, un peque\u00f1o pueblo al noreste de Estados Unidos. James, un joven de Nueva York desencantado con la m\u00fasica, su gran pasi\u00f3n, y con el mundo en general, tras la muerte de su padre, se muda al pueblo de su familia. Lea se siente perdida lejos de su casa. James ha creado una barrera a su alrededor que nadie ha conseguido derribar. Tienen un a\u00f1o por delante en un mismo destino.  Amistad. Atracci\u00f3n. Deseo. Pasi\u00f3n. Primeras experiencias.  Esta novela, fresca y de r\u00e1pida lectura, te sumergir\u00e1 en una historia de amor contada en primera persona por sus protagonistas. Acompa\u00f1a a Lea y James y enam\u00f3rate con ellos.  Para mayores de diecis\u00e9is a\u00f1os.\" \/>\n<meta property=\"og:url\" content=\"https:\/\/fundacionnoelia.org\/en\/tienda\/trilogia-julieta\/\" \/>\n<meta property=\"og:site_name\" content=\"Fundaci\u00f3n Noelia\" \/>\n<meta property=\"article:modified_time\" content=\"2025-07-01T09:54:37+00:00\" \/>\n<meta property=\"og:image\" content=\"https:\/\/fundacionnoelia.org\/wp-content\/uploads\/2021\/12\/julieta_dia_del.jpeg\" \/>\n\t<meta property=\"og:image:width\" content=\"843\" \/>\n\t<meta property=\"og:image:height\" content=\"771\" \/>\n\t<meta property=\"og:image:type\" content=\"image\/jpeg\" \/>\n<meta name=\"twitter:card\" content=\"summary_large_image\" \/>\n<meta name=\"twitter:label1\" content=\"Est. reading time\" \/>\n\t<meta name=\"twitter:data1\" content=\"1 minute\" \/>\n<script type=\"application\/ld+json\" class=\"yoast-schema-graph\">{\"@context\":\"https:\/\/schema.org\",\"@graph\":[{\"@type\":\"WebPage\",\"@id\":\"https:\/\/fundacionnoelia.org\/en\/tienda\/trilogia-julieta\/\",\"url\":\"https:\/\/fundacionnoelia.org\/en\/tienda\/trilogia-julieta\/\",\"name\":\"Trilog\u00eda Julieta Completa - Fundaci\u00f3n Noelia\",\"isPartOf\":{\"@id\":\"https:\/\/fundacionnoelia.org\/en\/#website\"},\"primaryImageOfPage\":{\"@id\":\"https:\/\/fundacionnoelia.org\/en\/tienda\/trilogia-julieta\/#primaryimage\"},\"image\":{\"@id\":\"https:\/\/fundacionnoelia.org\/en\/tienda\/trilogia-julieta\/#primaryimage\"},\"thumbnailUrl\":\"https:\/\/fundacionnoelia.org\/wp-content\/uploads\/2021\/12\/julieta_dia_del.jpeg\",\"datePublished\":\"2021-12-03T11:09:24+00:00\",\"dateModified\":\"2025-07-01T09:54:37+00:00\",\"breadcrumb\":{\"@id\":\"https:\/\/fundacionnoelia.org\/en\/tienda\/trilogia-julieta\/#breadcrumb\"},\"inLanguage\":\"en-US\",\"potentialAction\":[{\"@type\":\"ReadAction\",\"target\":[\"https:\/\/fundacionnoelia.org\/en\/tienda\/trilogia-julieta\/\"]}]},{\"@type\":\"ImageObject\",\"inLanguage\":\"en-US\",\"@id\":\"https:\/\/fundacionnoelia.org\/en\/tienda\/trilogia-julieta\/#primaryimage\",\"url\":\"https:\/\/fundacionnoelia.org\/wp-content\/uploads\/2021\/12\/julieta_dia_del.jpeg\",\"contentUrl\":\"https:\/\/fundacionnoelia.org\/wp-content\/uploads\/2021\/12\/julieta_dia_del.jpeg\",\"width\":843,\"height\":771},{\"@type\":\"BreadcrumbList\",\"@id\":\"https:\/\/fundacionnoelia.org\/en\/tienda\/trilogia-julieta\/#breadcrumb\",\"itemListElement\":[{\"@type\":\"ListItem\",\"position\":1,\"name\":\"Portada\",\"item\":\"https:\/\/fundacionnoelia.org\/en\/\"},{\"@type\":\"ListItem\",\"position\":2,\"name\":\"Shop\",\"item\":\"https:\/\/fundacionnoelia.org\/en\/shop\/\"},{\"@type\":\"ListItem\",\"position\":3,\"name\":\"Trilog\u00eda Julieta Completa\"}]},{\"@type\":\"WebSite\",\"@id\":\"https:\/\/fundacionnoelia.org\/en\/#website\",\"url\":\"https:\/\/fundacionnoelia.org\/en\/\",\"name\":\"Fundaci\u00f3n Noelia\",\"description\":\"Just another WordPress site\",\"publisher\":{\"@id\":\"https:\/\/fundacionnoelia.org\/en\/#organization\"},\"potentialAction\":[{\"@type\":\"SearchAction\",\"target\":{\"@type\":\"EntryPoint\",\"urlTemplate\":\"https:\/\/fundacionnoelia.org\/en\/?s={search_term_string}\"},\"query-input\":{\"@type\":\"PropertyValueSpecification\",\"valueRequired\":true,\"valueName\":\"search_term_string\"}}],\"inLanguage\":\"en-US\"},{\"@type\":\"Organization\",\"@id\":\"https:\/\/fundacionnoelia.org\/en\/#organization\",\"name\":\"Fundaci\u00f3n Noelia\",\"url\":\"https:\/\/fundacionnoelia.org\/en\/\",\"logo\":{\"@type\":\"ImageObject\",\"inLanguage\":\"en-US\",\"@id\":\"https:\/\/fundacionnoelia.org\/en\/#\/schema\/logo\/image\/\",\"url\":\"https:\/\/fundacionnoelia.org\/wp-content\/uploads\/2022\/04\/logo_fundacion_noelia_transparente_peq.png\",\"contentUrl\":\"https:\/\/fundacionnoelia.org\/wp-content\/uploads\/2022\/04\/logo_fundacion_noelia_transparente_peq.png\",\"width\":391,\"height\":150,\"caption\":\"Fundaci\u00f3n Noelia\"},\"image\":{\"@id\":\"https:\/\/fundacionnoelia.org\/en\/#\/schema\/logo\/image\/\"}}]}<\/script>\n<!-- \/ Yoast SEO plugin. -->","yoast_head_json":{"title":"Trilog\u00eda Julieta Completa - Fundaci\u00f3n Noelia","robots":{"index":"index","follow":"follow","max-snippet":"max-snippet:-1","max-image-preview":"max-image-preview:large","max-video-preview":"max-video-preview:-1"},"canonical":"https:\/\/fundacionnoelia.org\/en\/tienda\/trilogia-julieta\/","og_locale":"en_US","og_type":"article","og_title":"Trilog\u00eda Julieta Completa - Fundaci\u00f3n Noelia","og_description":"Trilog\u00eda Julieta Completa  Incluye: - La trilog\u00eda completa, con \"Hasta pronto, Julieta\", \"Vuela, Julieta\" y \"Siempre, Julieta\" - Tote bag amarilla Hasta pronto Julieta y Fundaci\u00f3n Noelia de regalo.  Sinopsis:  Lea, una chica de diecisiete a\u00f1os que quiere mejorar su ingl\u00e9s, decide cruzar el charco para estudiar su \u00faltimo curso de instituto en Willport, un peque\u00f1o pueblo al noreste de Estados Unidos. James, un joven de Nueva York desencantado con la m\u00fasica, su gran pasi\u00f3n, y con el mundo en general, tras la muerte de su padre, se muda al pueblo de su familia. Lea se siente perdida lejos de su casa. James ha creado una barrera a su alrededor que nadie ha conseguido derribar. Tienen un a\u00f1o por delante en un mismo destino.  Amistad. Atracci\u00f3n. Deseo. Pasi\u00f3n. Primeras experiencias.  Esta novela, fresca y de r\u00e1pida lectura, te sumergir\u00e1 en una historia de amor contada en primera persona por sus protagonistas. Acompa\u00f1a a Lea y James y enam\u00f3rate con ellos.  Para mayores de diecis\u00e9is a\u00f1os.","og_url":"https:\/\/fundacionnoelia.org\/en\/tienda\/trilogia-julieta\/","og_site_name":"Fundaci\u00f3n Noelia","article_modified_time":"2025-07-01T09:54:37+00:00","og_image":[{"width":843,"height":771,"url":"https:\/\/fundacionnoelia.org\/wp-content\/uploads\/2021\/12\/julieta_dia_del.jpeg","type":"image\/jpeg"}],"twitter_card":"summary_large_image","twitter_misc":{"Est. reading time":"1 minute"},"schema":{"@context":"https:\/\/schema.org","@graph":[{"@type":"WebPage","@id":"https:\/\/fundacionnoelia.org\/en\/tienda\/trilogia-julieta\/","url":"https:\/\/fundacionnoelia.org\/en\/tienda\/trilogia-julieta\/","name":"Trilog\u00eda Julieta Completa - Fundaci\u00f3n Noelia","isPartOf":{"@id":"https:\/\/fundacionnoelia.org\/en\/#website"},"primaryImageOfPage":{"@id":"https:\/\/fundacionnoelia.org\/en\/tienda\/trilogia-julieta\/#primaryimage"},"image":{"@id":"https:\/\/fundacionnoelia.org\/en\/tienda\/trilogia-julieta\/#primaryimage"},"thumbnailUrl":"https:\/\/fundacionnoelia.org\/wp-content\/uploads\/2021\/12\/julieta_dia_del.jpeg","datePublished":"2021-12-03T11:09:24+00:00","dateModified":"2025-07-01T09:54:37+00:00","breadcrumb":{"@id":"https:\/\/fundacionnoelia.org\/en\/tienda\/trilogia-julieta\/#breadcrumb"},"inLanguage":"en-US","potentialAction":[{"@type":"ReadAction","target":["https:\/\/fundacionnoelia.org\/en\/tienda\/trilogia-julieta\/"]}]},{"@type":"ImageObject","inLanguage":"en-US","@id":"https:\/\/fundacionnoelia.org\/en\/tienda\/trilogia-julieta\/#primaryimage","url":"https:\/\/fundacionnoelia.org\/wp-content\/uploads\/2021\/12\/julieta_dia_del.jpeg","contentUrl":"https:\/\/fundacionnoelia.org\/wp-content\/uploads\/2021\/12\/julieta_dia_del.jpeg","width":843,"height":771},{"@type":"BreadcrumbList","@id":"https:\/\/fundacionnoelia.org\/en\/tienda\/trilogia-julieta\/#breadcrumb","itemListElement":[{"@type":"ListItem","position":1,"name":"Portada","item":"https:\/\/fundacionnoelia.org\/en\/"},{"@type":"ListItem","position":2,"name":"Shop","item":"https:\/\/fundacionnoelia.org\/en\/shop\/"},{"@type":"ListItem","position":3,"name":"Trilog\u00eda Julieta Completa"}]},{"@type":"WebSite","@id":"https:\/\/fundacionnoelia.org\/en\/#website","url":"https:\/\/fundacionnoelia.org\/en\/","name":"Fundaci\u00f3n Noelia","description":"Just another WordPress site","publisher":{"@id":"https:\/\/fundacionnoelia.org\/en\/#organization"},"potentialAction":[{"@type":"SearchAction","target":{"@type":"EntryPoint","urlTemplate":"https:\/\/fundacionnoelia.org\/en\/?s={search_term_string}"},"query-input":{"@type":"PropertyValueSpecification","valueRequired":true,"valueName":"search_term_string"}}],"inLanguage":"en-US"},{"@type":"Organization","@id":"https:\/\/fundacionnoelia.org\/en\/#organization","name":"Fundaci\u00f3n Noelia","url":"https:\/\/fundacionnoelia.org\/en\/","logo":{"@type":"ImageObject","inLanguage":"en-US","@id":"https:\/\/fundacionnoelia.org\/en\/#\/schema\/logo\/image\/","url":"https:\/\/fundacionnoelia.org\/wp-content\/uploads\/2022\/04\/logo_fundacion_noelia_transparente_peq.png","contentUrl":"https:\/\/fundacionnoelia.org\/wp-content\/uploads\/2022\/04\/logo_fundacion_noelia_transparente_peq.png","width":391,"height":150,"caption":"Fundaci\u00f3n Noelia"},"image":{"@id":"https:\/\/fundacionnoelia.org\/en\/#\/schema\/logo\/image\/"}}]}},"_links":{"self":[{"href":"https:\/\/fundacionnoelia.org\/en\/wp-json\/wp\/v2\/product\/742","targetHints":{"allow":["GET"]}}],"collection":[{"href":"https:\/\/fundacionnoelia.org\/en\/wp-json\/wp\/v2\/product"}],"about":[{"href":"https:\/\/fundacionnoelia.org\/en\/wp-json\/wp\/v2\/types\/product"}],"wp:featuredmedia":[{"embeddable":true,"href":"https:\/\/fundacionnoelia.org\/en\/wp-json\/wp\/v2\/media\/53181"}],"wp:attachment":[{"href":"https:\/\/fundacionnoelia.org\/en\/wp-json\/wp\/v2\/media?parent=742"}],"wp:term":[{"taxonomy":"product_brand","embeddable":true,"href":"https:\/\/fundacionnoelia.org\/en\/wp-json\/wp\/v2\/product_brand?post=742"},{"taxonomy":"product_cat","embeddable":true,"href":"https:\/\/fundacionnoelia.org\/en\/wp-json\/wp\/v2\/product_cat?post=742"},{"taxonomy":"product_tag","embeddable":true,"href":"https:\/\/fundacionnoelia.org\/en\/wp-json\/wp\/v2\/product_tag?post=742"}],"curies":[{"name":"wp","href":"https:\/\/api.w.org\/{rel}","templated":true}]}}