{"id":610,"date":"2021-12-07T11:08:05","date_gmt":"2021-12-07T11:08:05","guid":{"rendered":"https:\/\/fundacionnoelia.org\/?post_type=product&#038;p=610"},"modified":"2025-07-01T09:53:46","modified_gmt":"2025-07-01T09:53:46","slug":"vuela-julieta","status":"publish","type":"product","link":"https:\/\/fundacionnoelia.org\/en\/tienda\/vuela-julieta\/","title":{"rendered":"Vuela, Julieta"},"content":{"rendered":"<p>Libro 2 de la trilog\u00eda Julieta.<\/p>\n<p>La universidad. La etapa m\u00e1s esperada. Lea llega con sus maletas a Boston, dispuesta a pasar otro a\u00f1o lejos de su familia para estudiar en Harvard. Ya no es una novata en un pa\u00eds extranjero. James estar\u00e1 all\u00ed con ella. Motivado por las clases, se centrar\u00e1 en que la m\u00fasica sea su futuro. Dos universidades, nuevas amistades, deseos inconfesables, visitas inesperadas; todo en una ciudad por descubrir.<\/p>\n<p>La segunda parte de la trilog\u00eda Julieta. Esta novela, fresca y de r\u00e1pida lectura, te sumergir\u00e1 en una historia de amor contada en primera persona por sus protagonistas. Acompa\u00f1a a Lea y James y enam\u00f3rate con ellos.<\/p>\n<p>Para mayores de diecis\u00e9is a\u00f1os.<\/p>\n","protected":false},"excerpt":{"rendered":"<p>&nbsp;<\/p>\n<p><strong>Libro 2 de la trilog\u00eda Julieta.<\/strong><\/p>\n<p>La universidad. La etapa m\u00e1s esperada. Lea llega con sus maletas a Boston, dispuesta a pasar otro a\u00f1o lejos de su familia para estudiar en Harvard. Ya no es una novata en un pa\u00eds extranjero. James estar\u00e1 all\u00ed con ella. Motivado por las clases, se centrar\u00e1 en que la m\u00fasica sea su futuro. Dos universidades, nuevas amistades, deseos inconfesables, visitas inesperadas; todo en una ciudad por descubrir.<\/p>\n<p>La segunda parte de la trilog\u00eda Julieta. Esta novela, fresca y de r\u00e1pida lectura, te sumergir\u00e1 en una historia de amor contada en primera persona por sus protagonistas. Acompa\u00f1a a Lea y James y enam\u00f3rate con ellos.<\/p>\n<p>Para mayores de diecis\u00e9is a\u00f1os.<\/p>\n","protected":false},"featured_media":657,"template":"","meta":[],"product_brand":[],"product_cat":[18],"product_tag":[],"class_list":{"0":"post-610","1":"product","2":"type-product","3":"status-publish","4":"has-post-thumbnail","6":"product_cat-libro","7":"entry","8":"has-media","10":"first","11":"instock","12":"shipping-taxable","13":"purchasable","14":"product-type-simple"},"yoast_head":"<!-- This site is optimized with the Yoast SEO plugin v27.2 - https:\/\/yoast.com\/product\/yoast-seo-wordpress\/ -->\n<title>Vuela, Julieta - Fundaci\u00f3n Noelia<\/title>\n<meta name=\"robots\" content=\"index, follow, max-snippet:-1, max-image-preview:large, max-video-preview:-1\" \/>\n<link rel=\"canonical\" href=\"https:\/\/fundacionnoelia.org\/en\/tienda\/vuela-julieta\/\" \/>\n<meta property=\"og:locale\" content=\"en_US\" \/>\n<meta property=\"og:type\" content=\"article\" \/>\n<meta property=\"og:title\" content=\"Vuela, Julieta - Fundaci\u00f3n Noelia\" \/>\n<meta property=\"og:description\" content=\"&nbsp;  Libro 2 de la trilog\u00eda Julieta.  La universidad. La etapa m\u00e1s esperada. Lea llega con sus maletas a Boston, dispuesta a pasar otro a\u00f1o lejos de su familia para estudiar en Harvard. Ya no es una novata en un pa\u00eds extranjero. James estar\u00e1 all\u00ed con ella. Motivado por las clases, se centrar\u00e1 en que la m\u00fasica sea su futuro. Dos universidades, nuevas amistades, deseos inconfesables, visitas inesperadas; todo en una ciudad por descubrir.  La segunda parte de la trilog\u00eda Julieta. Esta novela, fresca y de r\u00e1pida lectura, te sumergir\u00e1 en una historia de amor contada en primera persona por sus protagonistas. Acompa\u00f1a a Lea y James y enam\u00f3rate con ellos.  Para mayores de diecis\u00e9is a\u00f1os.\" \/>\n<meta property=\"og:url\" content=\"https:\/\/fundacionnoelia.org\/en\/tienda\/vuela-julieta\/\" \/>\n<meta property=\"og:site_name\" content=\"Fundaci\u00f3n Noelia\" \/>\n<meta property=\"article:modified_time\" content=\"2025-07-01T09:53:46+00:00\" \/>\n<meta property=\"og:image\" content=\"https:\/\/fundacionnoelia.org\/wp-content\/uploads\/2022\/03\/vuela-Julieta_blanco.jpg\" \/>\n\t<meta property=\"og:image:width\" content=\"500\" \/>\n\t<meta property=\"og:image:height\" content=\"500\" \/>\n\t<meta property=\"og:image:type\" content=\"image\/jpeg\" \/>\n<meta name=\"twitter:card\" content=\"summary_large_image\" \/>\n<meta name=\"twitter:label1\" content=\"Est. reading time\" \/>\n\t<meta name=\"twitter:data1\" content=\"1 minute\" \/>\n<script type=\"application\/ld+json\" class=\"yoast-schema-graph\">{\"@context\":\"https:\/\/schema.org\",\"@graph\":[{\"@type\":\"WebPage\",\"@id\":\"https:\/\/fundacionnoelia.org\/en\/tienda\/vuela-julieta\/\",\"url\":\"https:\/\/fundacionnoelia.org\/en\/tienda\/vuela-julieta\/\",\"name\":\"Vuela, Julieta - Fundaci\u00f3n Noelia\",\"isPartOf\":{\"@id\":\"https:\/\/fundacionnoelia.org\/en\/#website\"},\"primaryImageOfPage\":{\"@id\":\"https:\/\/fundacionnoelia.org\/en\/tienda\/vuela-julieta\/#primaryimage\"},\"image\":{\"@id\":\"https:\/\/fundacionnoelia.org\/en\/tienda\/vuela-julieta\/#primaryimage\"},\"thumbnailUrl\":\"https:\/\/fundacionnoelia.org\/wp-content\/uploads\/2022\/03\/vuela-Julieta_blanco.jpg\",\"datePublished\":\"2021-12-07T11:08:05+00:00\",\"dateModified\":\"2025-07-01T09:53:46+00:00\",\"breadcrumb\":{\"@id\":\"https:\/\/fundacionnoelia.org\/en\/tienda\/vuela-julieta\/#breadcrumb\"},\"inLanguage\":\"en-US\",\"potentialAction\":[{\"@type\":\"ReadAction\",\"target\":[\"https:\/\/fundacionnoelia.org\/en\/tienda\/vuela-julieta\/\"]}]},{\"@type\":\"ImageObject\",\"inLanguage\":\"en-US\",\"@id\":\"https:\/\/fundacionnoelia.org\/en\/tienda\/vuela-julieta\/#primaryimage\",\"url\":\"https:\/\/fundacionnoelia.org\/wp-content\/uploads\/2022\/03\/vuela-Julieta_blanco.jpg\",\"contentUrl\":\"https:\/\/fundacionnoelia.org\/wp-content\/uploads\/2022\/03\/vuela-Julieta_blanco.jpg\",\"width\":500,\"height\":500},{\"@type\":\"BreadcrumbList\",\"@id\":\"https:\/\/fundacionnoelia.org\/en\/tienda\/vuela-julieta\/#breadcrumb\",\"itemListElement\":[{\"@type\":\"ListItem\",\"position\":1,\"name\":\"Portada\",\"item\":\"https:\/\/fundacionnoelia.org\/en\/\"},{\"@type\":\"ListItem\",\"position\":2,\"name\":\"Shop\",\"item\":\"https:\/\/fundacionnoelia.org\/en\/shop\/\"},{\"@type\":\"ListItem\",\"position\":3,\"name\":\"Vuela, Julieta\"}]},{\"@type\":\"WebSite\",\"@id\":\"https:\/\/fundacionnoelia.org\/en\/#website\",\"url\":\"https:\/\/fundacionnoelia.org\/en\/\",\"name\":\"Fundaci\u00f3n Noelia\",\"description\":\"Just another WordPress site\",\"publisher\":{\"@id\":\"https:\/\/fundacionnoelia.org\/en\/#organization\"},\"potentialAction\":[{\"@type\":\"SearchAction\",\"target\":{\"@type\":\"EntryPoint\",\"urlTemplate\":\"https:\/\/fundacionnoelia.org\/en\/?s={search_term_string}\"},\"query-input\":{\"@type\":\"PropertyValueSpecification\",\"valueRequired\":true,\"valueName\":\"search_term_string\"}}],\"inLanguage\":\"en-US\"},{\"@type\":\"Organization\",\"@id\":\"https:\/\/fundacionnoelia.org\/en\/#organization\",\"name\":\"Fundaci\u00f3n Noelia\",\"url\":\"https:\/\/fundacionnoelia.org\/en\/\",\"logo\":{\"@type\":\"ImageObject\",\"inLanguage\":\"en-US\",\"@id\":\"https:\/\/fundacionnoelia.org\/en\/#\/schema\/logo\/image\/\",\"url\":\"https:\/\/fundacionnoelia.org\/wp-content\/uploads\/2022\/04\/logo_fundacion_noelia_transparente_peq.png\",\"contentUrl\":\"https:\/\/fundacionnoelia.org\/wp-content\/uploads\/2022\/04\/logo_fundacion_noelia_transparente_peq.png\",\"width\":391,\"height\":150,\"caption\":\"Fundaci\u00f3n Noelia\"},\"image\":{\"@id\":\"https:\/\/fundacionnoelia.org\/en\/#\/schema\/logo\/image\/\"}}]}<\/script>\n<!-- \/ Yoast SEO plugin. -->","yoast_head_json":{"title":"Vuela, Julieta - Fundaci\u00f3n Noelia","robots":{"index":"index","follow":"follow","max-snippet":"max-snippet:-1","max-image-preview":"max-image-preview:large","max-video-preview":"max-video-preview:-1"},"canonical":"https:\/\/fundacionnoelia.org\/en\/tienda\/vuela-julieta\/","og_locale":"en_US","og_type":"article","og_title":"Vuela, Julieta - Fundaci\u00f3n Noelia","og_description":"&nbsp;  Libro 2 de la trilog\u00eda Julieta.  La universidad. La etapa m\u00e1s esperada. Lea llega con sus maletas a Boston, dispuesta a pasar otro a\u00f1o lejos de su familia para estudiar en Harvard. Ya no es una novata en un pa\u00eds extranjero. James estar\u00e1 all\u00ed con ella. Motivado por las clases, se centrar\u00e1 en que la m\u00fasica sea su futuro. Dos universidades, nuevas amistades, deseos inconfesables, visitas inesperadas; todo en una ciudad por descubrir.  La segunda parte de la trilog\u00eda Julieta. Esta novela, fresca y de r\u00e1pida lectura, te sumergir\u00e1 en una historia de amor contada en primera persona por sus protagonistas. Acompa\u00f1a a Lea y James y enam\u00f3rate con ellos.  Para mayores de diecis\u00e9is a\u00f1os.","og_url":"https:\/\/fundacionnoelia.org\/en\/tienda\/vuela-julieta\/","og_site_name":"Fundaci\u00f3n Noelia","article_modified_time":"2025-07-01T09:53:46+00:00","og_image":[{"width":500,"height":500,"url":"https:\/\/fundacionnoelia.org\/wp-content\/uploads\/2022\/03\/vuela-Julieta_blanco.jpg","type":"image\/jpeg"}],"twitter_card":"summary_large_image","twitter_misc":{"Est. reading time":"1 minute"},"schema":{"@context":"https:\/\/schema.org","@graph":[{"@type":"WebPage","@id":"https:\/\/fundacionnoelia.org\/en\/tienda\/vuela-julieta\/","url":"https:\/\/fundacionnoelia.org\/en\/tienda\/vuela-julieta\/","name":"Vuela, Julieta - Fundaci\u00f3n Noelia","isPartOf":{"@id":"https:\/\/fundacionnoelia.org\/en\/#website"},"primaryImageOfPage":{"@id":"https:\/\/fundacionnoelia.org\/en\/tienda\/vuela-julieta\/#primaryimage"},"image":{"@id":"https:\/\/fundacionnoelia.org\/en\/tienda\/vuela-julieta\/#primaryimage"},"thumbnailUrl":"https:\/\/fundacionnoelia.org\/wp-content\/uploads\/2022\/03\/vuela-Julieta_blanco.jpg","datePublished":"2021-12-07T11:08:05+00:00","dateModified":"2025-07-01T09:53:46+00:00","breadcrumb":{"@id":"https:\/\/fundacionnoelia.org\/en\/tienda\/vuela-julieta\/#breadcrumb"},"inLanguage":"en-US","potentialAction":[{"@type":"ReadAction","target":["https:\/\/fundacionnoelia.org\/en\/tienda\/vuela-julieta\/"]}]},{"@type":"ImageObject","inLanguage":"en-US","@id":"https:\/\/fundacionnoelia.org\/en\/tienda\/vuela-julieta\/#primaryimage","url":"https:\/\/fundacionnoelia.org\/wp-content\/uploads\/2022\/03\/vuela-Julieta_blanco.jpg","contentUrl":"https:\/\/fundacionnoelia.org\/wp-content\/uploads\/2022\/03\/vuela-Julieta_blanco.jpg","width":500,"height":500},{"@type":"BreadcrumbList","@id":"https:\/\/fundacionnoelia.org\/en\/tienda\/vuela-julieta\/#breadcrumb","itemListElement":[{"@type":"ListItem","position":1,"name":"Portada","item":"https:\/\/fundacionnoelia.org\/en\/"},{"@type":"ListItem","position":2,"name":"Shop","item":"https:\/\/fundacionnoelia.org\/en\/shop\/"},{"@type":"ListItem","position":3,"name":"Vuela, Julieta"}]},{"@type":"WebSite","@id":"https:\/\/fundacionnoelia.org\/en\/#website","url":"https:\/\/fundacionnoelia.org\/en\/","name":"Fundaci\u00f3n Noelia","description":"Just another WordPress site","publisher":{"@id":"https:\/\/fundacionnoelia.org\/en\/#organization"},"potentialAction":[{"@type":"SearchAction","target":{"@type":"EntryPoint","urlTemplate":"https:\/\/fundacionnoelia.org\/en\/?s={search_term_string}"},"query-input":{"@type":"PropertyValueSpecification","valueRequired":true,"valueName":"search_term_string"}}],"inLanguage":"en-US"},{"@type":"Organization","@id":"https:\/\/fundacionnoelia.org\/en\/#organization","name":"Fundaci\u00f3n Noelia","url":"https:\/\/fundacionnoelia.org\/en\/","logo":{"@type":"ImageObject","inLanguage":"en-US","@id":"https:\/\/fundacionnoelia.org\/en\/#\/schema\/logo\/image\/","url":"https:\/\/fundacionnoelia.org\/wp-content\/uploads\/2022\/04\/logo_fundacion_noelia_transparente_peq.png","contentUrl":"https:\/\/fundacionnoelia.org\/wp-content\/uploads\/2022\/04\/logo_fundacion_noelia_transparente_peq.png","width":391,"height":150,"caption":"Fundaci\u00f3n Noelia"},"image":{"@id":"https:\/\/fundacionnoelia.org\/en\/#\/schema\/logo\/image\/"}}]}},"_links":{"self":[{"href":"https:\/\/fundacionnoelia.org\/en\/wp-json\/wp\/v2\/product\/610","targetHints":{"allow":["GET"]}}],"collection":[{"href":"https:\/\/fundacionnoelia.org\/en\/wp-json\/wp\/v2\/product"}],"about":[{"href":"https:\/\/fundacionnoelia.org\/en\/wp-json\/wp\/v2\/types\/product"}],"wp:featuredmedia":[{"embeddable":true,"href":"https:\/\/fundacionnoelia.org\/en\/wp-json\/wp\/v2\/media\/657"}],"wp:attachment":[{"href":"https:\/\/fundacionnoelia.org\/en\/wp-json\/wp\/v2\/media?parent=610"}],"wp:term":[{"taxonomy":"product_brand","embeddable":true,"href":"https:\/\/fundacionnoelia.org\/en\/wp-json\/wp\/v2\/product_brand?post=610"},{"taxonomy":"product_cat","embeddable":true,"href":"https:\/\/fundacionnoelia.org\/en\/wp-json\/wp\/v2\/product_cat?post=610"},{"taxonomy":"product_tag","embeddable":true,"href":"https:\/\/fundacionnoelia.org\/en\/wp-json\/wp\/v2\/product_tag?post=610"}],"curies":[{"name":"wp","href":"https:\/\/api.w.org\/{rel}","templated":true}]}}