{"id":609,"date":"2021-12-09T11:08:05","date_gmt":"2021-12-09T11:08:05","guid":{"rendered":"https:\/\/fundacionnoelia.org\/?post_type=product&#038;p=609"},"modified":"2025-07-01T09:53:39","modified_gmt":"2025-07-01T09:53:39","slug":"hasta-pronto-julieta","status":"publish","type":"product","link":"https:\/\/fundacionnoelia.org\/en\/tienda\/hasta-pronto-julieta\/","title":{"rendered":"Hasta pronto, Julieta"},"content":{"rendered":"<p>Libro 1 de la trilog\u00eda Julieta.<br \/>\nLea, una chica de diecisiete a\u00f1os que quiere mejorar su ingl\u00e9s, decide cruzar el charco para estudiar su \u00faltimo curso de instituto en Willport, un peque\u00f1o pueblo al noreste de Estados Unidos. James, un joven de Nueva York desencantado con la m\u00fasica, su gran pasi\u00f3n, y con el mundo en general, tras la muerte de su padre, se muda al pueblo de su familia. Lea se siente perdida lejos de su casa. James ha creado una barrera a su alrededor que nadie ha conseguido derribar. Tienen un a\u00f1o por delante en un mismo destino.<\/p>\n<p>Amistad. Atracci\u00f3n. Deseo. Pasi\u00f3n. Primeras experiencias.<\/p>\n<p>Esta novela, fresca y de r\u00e1pida lectura, te sumergir\u00e1 en una historia de amor contada en primera persona por sus protagonistas. Acompa\u00f1a a Lea y James y enam\u00f3rate con ellos.<\/p>\n<p>Para mayores de diecis\u00e9is a\u00f1os.<\/p>\n","protected":false},"excerpt":{"rendered":"<p>&nbsp;<\/p>\n<p><strong>Libro 1 de la trilog\u00eda Julieta.<\/strong><\/p>\n<p>Lea, una chica de diecisiete a\u00f1os que quiere mejorar su ingl\u00e9s, decide cruzar el charco para estudiar su \u00faltimo curso de instituto en Willport, un peque\u00f1o pueblo al noreste de Estados Unidos. James, un joven de Nueva York desencantado con la m\u00fasica, su gran pasi\u00f3n, y con el mundo en general, tras la muerte de su padre, se muda al pueblo de su familia. Lea se siente perdida lejos de su casa. James ha creado una barrera a su alrededor que nadie ha conseguido derribar. Tienen un a\u00f1o por delante en un mismo destino.<\/p>\n<p>Amistad. Atracci\u00f3n. Deseo. Pasi\u00f3n. Primeras experiencias.<\/p>\n<p>Esta novela, fresca y de r\u00e1pida lectura, te sumergir\u00e1 en una historia de amor contada en primera persona por sus protagonistas. Acompa\u00f1a a Lea y James y enam\u00f3rate con ellos.<\/p>\n<p>Para mayores de diecis\u00e9is a\u00f1os.<\/p>\n","protected":false},"featured_media":640,"template":"","meta":[],"product_brand":[],"product_cat":[18],"product_tag":[],"class_list":{"0":"post-609","1":"product","2":"type-product","3":"status-publish","4":"has-post-thumbnail","6":"product_cat-libro","7":"entry","8":"has-media","10":"first","11":"instock","12":"shipping-taxable","13":"purchasable","14":"product-type-simple"},"yoast_head":"<!-- This site is optimized with the Yoast SEO plugin v27.2 - https:\/\/yoast.com\/product\/yoast-seo-wordpress\/ -->\n<title>Hasta pronto, Julieta - Fundaci\u00f3n Noelia<\/title>\n<meta name=\"robots\" content=\"index, follow, max-snippet:-1, max-image-preview:large, max-video-preview:-1\" \/>\n<link rel=\"canonical\" href=\"https:\/\/fundacionnoelia.org\/en\/tienda\/hasta-pronto-julieta\/\" \/>\n<meta property=\"og:locale\" content=\"en_US\" \/>\n<meta property=\"og:type\" content=\"article\" \/>\n<meta property=\"og:title\" content=\"Hasta pronto, Julieta - Fundaci\u00f3n Noelia\" \/>\n<meta property=\"og:description\" content=\"&nbsp;  Libro 1 de la trilog\u00eda Julieta.  Lea, una chica de diecisiete a\u00f1os que quiere mejorar su ingl\u00e9s, decide cruzar el charco para estudiar su \u00faltimo curso de instituto en Willport, un peque\u00f1o pueblo al noreste de Estados Unidos. James, un joven de Nueva York desencantado con la m\u00fasica, su gran pasi\u00f3n, y con el mundo en general, tras la muerte de su padre, se muda al pueblo de su familia. Lea se siente perdida lejos de su casa. James ha creado una barrera a su alrededor que nadie ha conseguido derribar. Tienen un a\u00f1o por delante en un mismo destino.  Amistad. Atracci\u00f3n. Deseo. Pasi\u00f3n. Primeras experiencias.  Esta novela, fresca y de r\u00e1pida lectura, te sumergir\u00e1 en una historia de amor contada en primera persona por sus protagonistas. Acompa\u00f1a a Lea y James y enam\u00f3rate con ellos.  Para mayores de diecis\u00e9is a\u00f1os.\" \/>\n<meta property=\"og:url\" content=\"https:\/\/fundacionnoelia.org\/en\/tienda\/hasta-pronto-julieta\/\" \/>\n<meta property=\"og:site_name\" content=\"Fundaci\u00f3n Noelia\" \/>\n<meta property=\"article:modified_time\" content=\"2025-07-01T09:53:39+00:00\" \/>\n<meta property=\"og:image\" content=\"https:\/\/fundacionnoelia.org\/wp-content\/uploads\/2022\/03\/hasta-pronto-Julieta.jpg\" \/>\n\t<meta property=\"og:image:width\" content=\"500\" \/>\n\t<meta property=\"og:image:height\" content=\"500\" \/>\n\t<meta property=\"og:image:type\" content=\"image\/jpeg\" \/>\n<meta name=\"twitter:card\" content=\"summary_large_image\" \/>\n<meta name=\"twitter:label1\" content=\"Est. reading time\" \/>\n\t<meta name=\"twitter:data1\" content=\"1 minute\" \/>\n<script type=\"application\/ld+json\" class=\"yoast-schema-graph\">{\"@context\":\"https:\/\/schema.org\",\"@graph\":[{\"@type\":\"WebPage\",\"@id\":\"https:\/\/fundacionnoelia.org\/en\/tienda\/hasta-pronto-julieta\/\",\"url\":\"https:\/\/fundacionnoelia.org\/en\/tienda\/hasta-pronto-julieta\/\",\"name\":\"Hasta pronto, Julieta - Fundaci\u00f3n Noelia\",\"isPartOf\":{\"@id\":\"https:\/\/fundacionnoelia.org\/en\/#website\"},\"primaryImageOfPage\":{\"@id\":\"https:\/\/fundacionnoelia.org\/en\/tienda\/hasta-pronto-julieta\/#primaryimage\"},\"image\":{\"@id\":\"https:\/\/fundacionnoelia.org\/en\/tienda\/hasta-pronto-julieta\/#primaryimage\"},\"thumbnailUrl\":\"https:\/\/fundacionnoelia.org\/wp-content\/uploads\/2022\/03\/hasta-pronto-Julieta.jpg\",\"datePublished\":\"2021-12-09T11:08:05+00:00\",\"dateModified\":\"2025-07-01T09:53:39+00:00\",\"breadcrumb\":{\"@id\":\"https:\/\/fundacionnoelia.org\/en\/tienda\/hasta-pronto-julieta\/#breadcrumb\"},\"inLanguage\":\"en-US\",\"potentialAction\":[{\"@type\":\"ReadAction\",\"target\":[\"https:\/\/fundacionnoelia.org\/en\/tienda\/hasta-pronto-julieta\/\"]}]},{\"@type\":\"ImageObject\",\"inLanguage\":\"en-US\",\"@id\":\"https:\/\/fundacionnoelia.org\/en\/tienda\/hasta-pronto-julieta\/#primaryimage\",\"url\":\"https:\/\/fundacionnoelia.org\/wp-content\/uploads\/2022\/03\/hasta-pronto-Julieta.jpg\",\"contentUrl\":\"https:\/\/fundacionnoelia.org\/wp-content\/uploads\/2022\/03\/hasta-pronto-Julieta.jpg\",\"width\":500,\"height\":500},{\"@type\":\"BreadcrumbList\",\"@id\":\"https:\/\/fundacionnoelia.org\/en\/tienda\/hasta-pronto-julieta\/#breadcrumb\",\"itemListElement\":[{\"@type\":\"ListItem\",\"position\":1,\"name\":\"Portada\",\"item\":\"https:\/\/fundacionnoelia.org\/en\/\"},{\"@type\":\"ListItem\",\"position\":2,\"name\":\"Shop\",\"item\":\"https:\/\/fundacionnoelia.org\/en\/shop\/\"},{\"@type\":\"ListItem\",\"position\":3,\"name\":\"Hasta pronto, Julieta\"}]},{\"@type\":\"WebSite\",\"@id\":\"https:\/\/fundacionnoelia.org\/en\/#website\",\"url\":\"https:\/\/fundacionnoelia.org\/en\/\",\"name\":\"Fundaci\u00f3n Noelia\",\"description\":\"Just another WordPress site\",\"publisher\":{\"@id\":\"https:\/\/fundacionnoelia.org\/en\/#organization\"},\"potentialAction\":[{\"@type\":\"SearchAction\",\"target\":{\"@type\":\"EntryPoint\",\"urlTemplate\":\"https:\/\/fundacionnoelia.org\/en\/?s={search_term_string}\"},\"query-input\":{\"@type\":\"PropertyValueSpecification\",\"valueRequired\":true,\"valueName\":\"search_term_string\"}}],\"inLanguage\":\"en-US\"},{\"@type\":\"Organization\",\"@id\":\"https:\/\/fundacionnoelia.org\/en\/#organization\",\"name\":\"Fundaci\u00f3n Noelia\",\"url\":\"https:\/\/fundacionnoelia.org\/en\/\",\"logo\":{\"@type\":\"ImageObject\",\"inLanguage\":\"en-US\",\"@id\":\"https:\/\/fundacionnoelia.org\/en\/#\/schema\/logo\/image\/\",\"url\":\"https:\/\/fundacionnoelia.org\/wp-content\/uploads\/2022\/04\/logo_fundacion_noelia_transparente_peq.png\",\"contentUrl\":\"https:\/\/fundacionnoelia.org\/wp-content\/uploads\/2022\/04\/logo_fundacion_noelia_transparente_peq.png\",\"width\":391,\"height\":150,\"caption\":\"Fundaci\u00f3n Noelia\"},\"image\":{\"@id\":\"https:\/\/fundacionnoelia.org\/en\/#\/schema\/logo\/image\/\"}}]}<\/script>\n<!-- \/ Yoast SEO plugin. -->","yoast_head_json":{"title":"Hasta pronto, Julieta - Fundaci\u00f3n Noelia","robots":{"index":"index","follow":"follow","max-snippet":"max-snippet:-1","max-image-preview":"max-image-preview:large","max-video-preview":"max-video-preview:-1"},"canonical":"https:\/\/fundacionnoelia.org\/en\/tienda\/hasta-pronto-julieta\/","og_locale":"en_US","og_type":"article","og_title":"Hasta pronto, Julieta - Fundaci\u00f3n Noelia","og_description":"&nbsp;  Libro 1 de la trilog\u00eda Julieta.  Lea, una chica de diecisiete a\u00f1os que quiere mejorar su ingl\u00e9s, decide cruzar el charco para estudiar su \u00faltimo curso de instituto en Willport, un peque\u00f1o pueblo al noreste de Estados Unidos. James, un joven de Nueva York desencantado con la m\u00fasica, su gran pasi\u00f3n, y con el mundo en general, tras la muerte de su padre, se muda al pueblo de su familia. Lea se siente perdida lejos de su casa. James ha creado una barrera a su alrededor que nadie ha conseguido derribar. Tienen un a\u00f1o por delante en un mismo destino.  Amistad. Atracci\u00f3n. Deseo. Pasi\u00f3n. Primeras experiencias.  Esta novela, fresca y de r\u00e1pida lectura, te sumergir\u00e1 en una historia de amor contada en primera persona por sus protagonistas. Acompa\u00f1a a Lea y James y enam\u00f3rate con ellos.  Para mayores de diecis\u00e9is a\u00f1os.","og_url":"https:\/\/fundacionnoelia.org\/en\/tienda\/hasta-pronto-julieta\/","og_site_name":"Fundaci\u00f3n Noelia","article_modified_time":"2025-07-01T09:53:39+00:00","og_image":[{"width":500,"height":500,"url":"https:\/\/fundacionnoelia.org\/wp-content\/uploads\/2022\/03\/hasta-pronto-Julieta.jpg","type":"image\/jpeg"}],"twitter_card":"summary_large_image","twitter_misc":{"Est. reading time":"1 minute"},"schema":{"@context":"https:\/\/schema.org","@graph":[{"@type":"WebPage","@id":"https:\/\/fundacionnoelia.org\/en\/tienda\/hasta-pronto-julieta\/","url":"https:\/\/fundacionnoelia.org\/en\/tienda\/hasta-pronto-julieta\/","name":"Hasta pronto, Julieta - Fundaci\u00f3n Noelia","isPartOf":{"@id":"https:\/\/fundacionnoelia.org\/en\/#website"},"primaryImageOfPage":{"@id":"https:\/\/fundacionnoelia.org\/en\/tienda\/hasta-pronto-julieta\/#primaryimage"},"image":{"@id":"https:\/\/fundacionnoelia.org\/en\/tienda\/hasta-pronto-julieta\/#primaryimage"},"thumbnailUrl":"https:\/\/fundacionnoelia.org\/wp-content\/uploads\/2022\/03\/hasta-pronto-Julieta.jpg","datePublished":"2021-12-09T11:08:05+00:00","dateModified":"2025-07-01T09:53:39+00:00","breadcrumb":{"@id":"https:\/\/fundacionnoelia.org\/en\/tienda\/hasta-pronto-julieta\/#breadcrumb"},"inLanguage":"en-US","potentialAction":[{"@type":"ReadAction","target":["https:\/\/fundacionnoelia.org\/en\/tienda\/hasta-pronto-julieta\/"]}]},{"@type":"ImageObject","inLanguage":"en-US","@id":"https:\/\/fundacionnoelia.org\/en\/tienda\/hasta-pronto-julieta\/#primaryimage","url":"https:\/\/fundacionnoelia.org\/wp-content\/uploads\/2022\/03\/hasta-pronto-Julieta.jpg","contentUrl":"https:\/\/fundacionnoelia.org\/wp-content\/uploads\/2022\/03\/hasta-pronto-Julieta.jpg","width":500,"height":500},{"@type":"BreadcrumbList","@id":"https:\/\/fundacionnoelia.org\/en\/tienda\/hasta-pronto-julieta\/#breadcrumb","itemListElement":[{"@type":"ListItem","position":1,"name":"Portada","item":"https:\/\/fundacionnoelia.org\/en\/"},{"@type":"ListItem","position":2,"name":"Shop","item":"https:\/\/fundacionnoelia.org\/en\/shop\/"},{"@type":"ListItem","position":3,"name":"Hasta pronto, Julieta"}]},{"@type":"WebSite","@id":"https:\/\/fundacionnoelia.org\/en\/#website","url":"https:\/\/fundacionnoelia.org\/en\/","name":"Fundaci\u00f3n Noelia","description":"Just another WordPress site","publisher":{"@id":"https:\/\/fundacionnoelia.org\/en\/#organization"},"potentialAction":[{"@type":"SearchAction","target":{"@type":"EntryPoint","urlTemplate":"https:\/\/fundacionnoelia.org\/en\/?s={search_term_string}"},"query-input":{"@type":"PropertyValueSpecification","valueRequired":true,"valueName":"search_term_string"}}],"inLanguage":"en-US"},{"@type":"Organization","@id":"https:\/\/fundacionnoelia.org\/en\/#organization","name":"Fundaci\u00f3n Noelia","url":"https:\/\/fundacionnoelia.org\/en\/","logo":{"@type":"ImageObject","inLanguage":"en-US","@id":"https:\/\/fundacionnoelia.org\/en\/#\/schema\/logo\/image\/","url":"https:\/\/fundacionnoelia.org\/wp-content\/uploads\/2022\/04\/logo_fundacion_noelia_transparente_peq.png","contentUrl":"https:\/\/fundacionnoelia.org\/wp-content\/uploads\/2022\/04\/logo_fundacion_noelia_transparente_peq.png","width":391,"height":150,"caption":"Fundaci\u00f3n Noelia"},"image":{"@id":"https:\/\/fundacionnoelia.org\/en\/#\/schema\/logo\/image\/"}}]}},"_links":{"self":[{"href":"https:\/\/fundacionnoelia.org\/en\/wp-json\/wp\/v2\/product\/609","targetHints":{"allow":["GET"]}}],"collection":[{"href":"https:\/\/fundacionnoelia.org\/en\/wp-json\/wp\/v2\/product"}],"about":[{"href":"https:\/\/fundacionnoelia.org\/en\/wp-json\/wp\/v2\/types\/product"}],"wp:featuredmedia":[{"embeddable":true,"href":"https:\/\/fundacionnoelia.org\/en\/wp-json\/wp\/v2\/media\/640"}],"wp:attachment":[{"href":"https:\/\/fundacionnoelia.org\/en\/wp-json\/wp\/v2\/media?parent=609"}],"wp:term":[{"taxonomy":"product_brand","embeddable":true,"href":"https:\/\/fundacionnoelia.org\/en\/wp-json\/wp\/v2\/product_brand?post=609"},{"taxonomy":"product_cat","embeddable":true,"href":"https:\/\/fundacionnoelia.org\/en\/wp-json\/wp\/v2\/product_cat?post=609"},{"taxonomy":"product_tag","embeddable":true,"href":"https:\/\/fundacionnoelia.org\/en\/wp-json\/wp\/v2\/product_tag?post=609"}],"curies":[{"name":"wp","href":"https:\/\/api.w.org\/{rel}","templated":true}]}}