{"id":57116,"date":"2024-05-27T11:12:12","date_gmt":"2024-05-27T11:12:12","guid":{"rendered":"https:\/\/fundacionnoelia.org\/?post_type=product&#038;p=57116"},"modified":"2024-05-27T12:09:55","modified_gmt":"2024-05-27T12:09:55","slug":"monedero-piel","status":"publish","type":"product","link":"https:\/\/fundacionnoelia.org\/en\/tienda\/monedero-piel\/","title":{"rendered":"Llavero-Tarjetero de piel marr\u00f3n"},"content":{"rendered":null,"protected":false},"excerpt":{"rendered":"<p>Llavero-Tarjetero de piel marr\u00f3n.<\/p>\n<p>Ideal como regalo solidario de empresa, bodas, comuniones y bautizos.<\/p>\n","protected":false},"featured_media":57117,"template":"","meta":[],"product_brand":[],"product_cat":[77],"product_tag":[],"class_list":{"0":"post-57116","1":"product","2":"type-product","3":"status-publish","4":"has-post-thumbnail","6":"product_cat-producto-solidario-en","7":"entry","8":"has-media","10":"first","11":"instock","12":"shipping-taxable","13":"purchasable","14":"product-type-simple"},"yoast_head":"<!-- This site is optimized with the Yoast SEO plugin v27.2 - https:\/\/yoast.com\/product\/yoast-seo-wordpress\/ -->\n<title>Llavero-Tarjetero de piel marr\u00f3n - Fundaci\u00f3n Noelia<\/title>\n<meta name=\"robots\" content=\"index, follow, max-snippet:-1, max-image-preview:large, max-video-preview:-1\" \/>\n<link rel=\"canonical\" href=\"https:\/\/fundacionnoelia.org\/en\/tienda\/monedero-piel\/\" \/>\n<meta property=\"og:locale\" content=\"en_US\" \/>\n<meta property=\"og:type\" content=\"article\" \/>\n<meta property=\"og:title\" content=\"Llavero-Tarjetero de piel marr\u00f3n - Fundaci\u00f3n Noelia\" \/>\n<meta property=\"og:description\" content=\"Llavero-Tarjetero de piel marr\u00f3n.  Ideal como regalo solidario de empresa, bodas, comuniones y bautizos.\" \/>\n<meta property=\"og:url\" content=\"https:\/\/fundacionnoelia.org\/en\/tienda\/monedero-piel\/\" \/>\n<meta property=\"og:site_name\" content=\"Fundaci\u00f3n Noelia\" \/>\n<meta property=\"article:modified_time\" content=\"2024-05-27T12:09:55+00:00\" \/>\n<meta property=\"og:image\" content=\"https:\/\/fundacionnoelia.org\/wp-content\/uploads\/2024\/05\/WhatsApp-Image-2024-05-20-at-13.14.57-1.jpeg\" \/>\n\t<meta property=\"og:image:width\" content=\"1000\" \/>\n\t<meta property=\"og:image:height\" content=\"1000\" \/>\n\t<meta property=\"og:image:type\" content=\"image\/jpeg\" \/>\n<meta name=\"twitter:card\" content=\"summary_large_image\" \/>\n<meta name=\"twitter:label1\" content=\"Est. reading time\" \/>\n\t<meta name=\"twitter:data1\" content=\"1 minute\" \/>\n<script type=\"application\/ld+json\" class=\"yoast-schema-graph\">{\"@context\":\"https:\/\/schema.org\",\"@graph\":[{\"@type\":\"WebPage\",\"@id\":\"https:\/\/fundacionnoelia.org\/en\/tienda\/monedero-piel\/\",\"url\":\"https:\/\/fundacionnoelia.org\/en\/tienda\/monedero-piel\/\",\"name\":\"Llavero-Tarjetero de piel marr\u00f3n - Fundaci\u00f3n Noelia\",\"isPartOf\":{\"@id\":\"https:\/\/fundacionnoelia.org\/en\/#website\"},\"primaryImageOfPage\":{\"@id\":\"https:\/\/fundacionnoelia.org\/en\/tienda\/monedero-piel\/#primaryimage\"},\"image\":{\"@id\":\"https:\/\/fundacionnoelia.org\/en\/tienda\/monedero-piel\/#primaryimage\"},\"thumbnailUrl\":\"https:\/\/fundacionnoelia.org\/wp-content\/uploads\/2024\/05\/WhatsApp-Image-2024-05-20-at-13.14.57-1.jpeg\",\"datePublished\":\"2024-05-27T11:12:12+00:00\",\"dateModified\":\"2024-05-27T12:09:55+00:00\",\"breadcrumb\":{\"@id\":\"https:\/\/fundacionnoelia.org\/en\/tienda\/monedero-piel\/#breadcrumb\"},\"inLanguage\":\"en-US\",\"potentialAction\":[{\"@type\":\"ReadAction\",\"target\":[\"https:\/\/fundacionnoelia.org\/en\/tienda\/monedero-piel\/\"]}]},{\"@type\":\"ImageObject\",\"inLanguage\":\"en-US\",\"@id\":\"https:\/\/fundacionnoelia.org\/en\/tienda\/monedero-piel\/#primaryimage\",\"url\":\"https:\/\/fundacionnoelia.org\/wp-content\/uploads\/2024\/05\/WhatsApp-Image-2024-05-20-at-13.14.57-1.jpeg\",\"contentUrl\":\"https:\/\/fundacionnoelia.org\/wp-content\/uploads\/2024\/05\/WhatsApp-Image-2024-05-20-at-13.14.57-1.jpeg\",\"width\":1000,\"height\":1000},{\"@type\":\"BreadcrumbList\",\"@id\":\"https:\/\/fundacionnoelia.org\/en\/tienda\/monedero-piel\/#breadcrumb\",\"itemListElement\":[{\"@type\":\"ListItem\",\"position\":1,\"name\":\"Portada\",\"item\":\"https:\/\/fundacionnoelia.org\/en\/\"},{\"@type\":\"ListItem\",\"position\":2,\"name\":\"Shop\",\"item\":\"https:\/\/fundacionnoelia.org\/en\/shop\/\"},{\"@type\":\"ListItem\",\"position\":3,\"name\":\"Llavero-Tarjetero de piel marr\u00f3n\"}]},{\"@type\":\"WebSite\",\"@id\":\"https:\/\/fundacionnoelia.org\/en\/#website\",\"url\":\"https:\/\/fundacionnoelia.org\/en\/\",\"name\":\"Fundaci\u00f3n Noelia\",\"description\":\"Just another WordPress site\",\"publisher\":{\"@id\":\"https:\/\/fundacionnoelia.org\/en\/#organization\"},\"potentialAction\":[{\"@type\":\"SearchAction\",\"target\":{\"@type\":\"EntryPoint\",\"urlTemplate\":\"https:\/\/fundacionnoelia.org\/en\/?s={search_term_string}\"},\"query-input\":{\"@type\":\"PropertyValueSpecification\",\"valueRequired\":true,\"valueName\":\"search_term_string\"}}],\"inLanguage\":\"en-US\"},{\"@type\":\"Organization\",\"@id\":\"https:\/\/fundacionnoelia.org\/en\/#organization\",\"name\":\"Fundaci\u00f3n Noelia\",\"url\":\"https:\/\/fundacionnoelia.org\/en\/\",\"logo\":{\"@type\":\"ImageObject\",\"inLanguage\":\"en-US\",\"@id\":\"https:\/\/fundacionnoelia.org\/en\/#\/schema\/logo\/image\/\",\"url\":\"https:\/\/fundacionnoelia.org\/wp-content\/uploads\/2022\/04\/logo_fundacion_noelia_transparente_peq.png\",\"contentUrl\":\"https:\/\/fundacionnoelia.org\/wp-content\/uploads\/2022\/04\/logo_fundacion_noelia_transparente_peq.png\",\"width\":391,\"height\":150,\"caption\":\"Fundaci\u00f3n Noelia\"},\"image\":{\"@id\":\"https:\/\/fundacionnoelia.org\/en\/#\/schema\/logo\/image\/\"}}]}<\/script>\n<!-- \/ Yoast SEO plugin. -->","yoast_head_json":{"title":"Llavero-Tarjetero de piel marr\u00f3n - Fundaci\u00f3n Noelia","robots":{"index":"index","follow":"follow","max-snippet":"max-snippet:-1","max-image-preview":"max-image-preview:large","max-video-preview":"max-video-preview:-1"},"canonical":"https:\/\/fundacionnoelia.org\/en\/tienda\/monedero-piel\/","og_locale":"en_US","og_type":"article","og_title":"Llavero-Tarjetero de piel marr\u00f3n - Fundaci\u00f3n Noelia","og_description":"Llavero-Tarjetero de piel marr\u00f3n.  Ideal como regalo solidario de empresa, bodas, comuniones y bautizos.","og_url":"https:\/\/fundacionnoelia.org\/en\/tienda\/monedero-piel\/","og_site_name":"Fundaci\u00f3n Noelia","article_modified_time":"2024-05-27T12:09:55+00:00","og_image":[{"width":1000,"height":1000,"url":"https:\/\/fundacionnoelia.org\/wp-content\/uploads\/2024\/05\/WhatsApp-Image-2024-05-20-at-13.14.57-1.jpeg","type":"image\/jpeg"}],"twitter_card":"summary_large_image","twitter_misc":{"Est. reading time":"1 minute"},"schema":{"@context":"https:\/\/schema.org","@graph":[{"@type":"WebPage","@id":"https:\/\/fundacionnoelia.org\/en\/tienda\/monedero-piel\/","url":"https:\/\/fundacionnoelia.org\/en\/tienda\/monedero-piel\/","name":"Llavero-Tarjetero de piel marr\u00f3n - Fundaci\u00f3n Noelia","isPartOf":{"@id":"https:\/\/fundacionnoelia.org\/en\/#website"},"primaryImageOfPage":{"@id":"https:\/\/fundacionnoelia.org\/en\/tienda\/monedero-piel\/#primaryimage"},"image":{"@id":"https:\/\/fundacionnoelia.org\/en\/tienda\/monedero-piel\/#primaryimage"},"thumbnailUrl":"https:\/\/fundacionnoelia.org\/wp-content\/uploads\/2024\/05\/WhatsApp-Image-2024-05-20-at-13.14.57-1.jpeg","datePublished":"2024-05-27T11:12:12+00:00","dateModified":"2024-05-27T12:09:55+00:00","breadcrumb":{"@id":"https:\/\/fundacionnoelia.org\/en\/tienda\/monedero-piel\/#breadcrumb"},"inLanguage":"en-US","potentialAction":[{"@type":"ReadAction","target":["https:\/\/fundacionnoelia.org\/en\/tienda\/monedero-piel\/"]}]},{"@type":"ImageObject","inLanguage":"en-US","@id":"https:\/\/fundacionnoelia.org\/en\/tienda\/monedero-piel\/#primaryimage","url":"https:\/\/fundacionnoelia.org\/wp-content\/uploads\/2024\/05\/WhatsApp-Image-2024-05-20-at-13.14.57-1.jpeg","contentUrl":"https:\/\/fundacionnoelia.org\/wp-content\/uploads\/2024\/05\/WhatsApp-Image-2024-05-20-at-13.14.57-1.jpeg","width":1000,"height":1000},{"@type":"BreadcrumbList","@id":"https:\/\/fundacionnoelia.org\/en\/tienda\/monedero-piel\/#breadcrumb","itemListElement":[{"@type":"ListItem","position":1,"name":"Portada","item":"https:\/\/fundacionnoelia.org\/en\/"},{"@type":"ListItem","position":2,"name":"Shop","item":"https:\/\/fundacionnoelia.org\/en\/shop\/"},{"@type":"ListItem","position":3,"name":"Llavero-Tarjetero de piel marr\u00f3n"}]},{"@type":"WebSite","@id":"https:\/\/fundacionnoelia.org\/en\/#website","url":"https:\/\/fundacionnoelia.org\/en\/","name":"Fundaci\u00f3n Noelia","description":"Just another WordPress site","publisher":{"@id":"https:\/\/fundacionnoelia.org\/en\/#organization"},"potentialAction":[{"@type":"SearchAction","target":{"@type":"EntryPoint","urlTemplate":"https:\/\/fundacionnoelia.org\/en\/?s={search_term_string}"},"query-input":{"@type":"PropertyValueSpecification","valueRequired":true,"valueName":"search_term_string"}}],"inLanguage":"en-US"},{"@type":"Organization","@id":"https:\/\/fundacionnoelia.org\/en\/#organization","name":"Fundaci\u00f3n Noelia","url":"https:\/\/fundacionnoelia.org\/en\/","logo":{"@type":"ImageObject","inLanguage":"en-US","@id":"https:\/\/fundacionnoelia.org\/en\/#\/schema\/logo\/image\/","url":"https:\/\/fundacionnoelia.org\/wp-content\/uploads\/2022\/04\/logo_fundacion_noelia_transparente_peq.png","contentUrl":"https:\/\/fundacionnoelia.org\/wp-content\/uploads\/2022\/04\/logo_fundacion_noelia_transparente_peq.png","width":391,"height":150,"caption":"Fundaci\u00f3n Noelia"},"image":{"@id":"https:\/\/fundacionnoelia.org\/en\/#\/schema\/logo\/image\/"}}]}},"_links":{"self":[{"href":"https:\/\/fundacionnoelia.org\/en\/wp-json\/wp\/v2\/product\/57116","targetHints":{"allow":["GET"]}}],"collection":[{"href":"https:\/\/fundacionnoelia.org\/en\/wp-json\/wp\/v2\/product"}],"about":[{"href":"https:\/\/fundacionnoelia.org\/en\/wp-json\/wp\/v2\/types\/product"}],"wp:featuredmedia":[{"embeddable":true,"href":"https:\/\/fundacionnoelia.org\/en\/wp-json\/wp\/v2\/media\/57117"}],"wp:attachment":[{"href":"https:\/\/fundacionnoelia.org\/en\/wp-json\/wp\/v2\/media?parent=57116"}],"wp:term":[{"taxonomy":"product_brand","embeddable":true,"href":"https:\/\/fundacionnoelia.org\/en\/wp-json\/wp\/v2\/product_brand?post=57116"},{"taxonomy":"product_cat","embeddable":true,"href":"https:\/\/fundacionnoelia.org\/en\/wp-json\/wp\/v2\/product_cat?post=57116"},{"taxonomy":"product_tag","embeddable":true,"href":"https:\/\/fundacionnoelia.org\/en\/wp-json\/wp\/v2\/product_tag?post=57116"}],"curies":[{"name":"wp","href":"https:\/\/api.w.org\/{rel}","templated":true}]}}