{"id":52608,"date":"2023-02-23T20:58:57","date_gmt":"2023-02-23T20:58:57","guid":{"rendered":"https:\/\/fundacionnoelia.org\/?page_id=52608"},"modified":"2025-02-10T10:04:41","modified_gmt":"2025-02-10T10:04:41","slug":"personalized-medicine-therapies-for-congenital-muscular-dystrophies","status":"publish","type":"page","link":"https:\/\/fundacionnoelia.org\/en\/research-projects\/personalized-medicine-therapies-for-congenital-muscular-dystrophies\/","title":{"rendered":"PERSONALIZED MEDICINE THERAPIES FOR CONGENITAL MUSCULAR DYSTROPHIES"},"content":{"rendered":"[vc_row][vc_column width=&#8221;1\/6&#8243;][\/vc_column][vc_column width=&#8221;4\/6&#8243;][vc_empty_space]<figure class=\"vcex-image vcex-module wpex-clr textcenter\"><div class=\"vcex-image-inner wpex-relative wpex-inline-block\"><img decoding=\"async\" width=\"900\" height=\"600\" src=\"https:\/\/fundacionnoelia.org\/wp-content\/uploads\/2023\/02\/lab_proyecto.png\" class=\"wpex-align-middle\" alt=\"\" loading=\"lazy\" srcset=\"https:\/\/fundacionnoelia.org\/wp-content\/uploads\/2023\/02\/lab_proyecto.png 900w, https:\/\/fundacionnoelia.org\/wp-content\/uploads\/2023\/02\/lab_proyecto-300x200.png 300w, https:\/\/fundacionnoelia.org\/wp-content\/uploads\/2023\/02\/lab_proyecto-768x512.png 768w, https:\/\/fundacionnoelia.org\/wp-content\/uploads\/2023\/02\/lab_proyecto-600x400.png 600w\" sizes=\"auto, (max-width: 900px) 100vw, 900px\" \/><\/div><\/figure>[vc_empty_space][vc_column_text]\n<h2 class=\"icon_box_heading\">PERSONALIZED MEDICINE THERAPIES FOR CONGENITAL MUSCULAR DYSTROPHIES<\/h2>\n[\/vc_column_text][vc_empty_space][vc_column_text]Development of advanced molecular diagnostic methods for the accurate diagnosis of congenital muscular dystrophies and novel gene therapies for the treatment of collagen VI deficiency.<\/p>\n<p>&nbsp;<\/p>\n<p><strong>Project description<\/strong><\/p>\n<p><strong>Part 1: Improved diagnosis of muscular dystrophies caused by mutations in collagen genes<\/strong><\/p>\n<p><strong>\u00a0<\/strong>Over the last 10 years, Dr. Jim\u00e9nez-Mallebrera&#8217;s team has achieved numerous improvements in the diagnosis of collagen VI congenital muscular dystrophy using a series of quantitative and increasingly precise techniques to study the expression of this protein in fibroblasts and biological samples. In addition, they have developed and published artificial intelligence learning algorithms, specifically aimed at the study of this pathology, which are key in the process of diagnosis and research of the disease. Also, over the last year, by using X-ray tomography, they have studied the changes that occur inside the cell as a consequence of the alteration of collagen VI.<\/p>\n<p>All these methods provide an unparalleled level of detail in the interpretation of the effects of collagen VI mutations on cells and tissues. Thanks to the experience gained over the years, they are now in an optimal position to offer the most accurate diagnosis, to date, for this group of pathologies.<\/p>\n<p>These advances are key in the diagnostic process, both in children and adults, as they allow for the interpretation of the effect of genetic variants of uncertain significance (there is no information on whether they are pathological or not) or of mutations with variable expression in different members of the same family, which, until now, were very difficult to characterize.<\/p>\n<p>Throughout the last 8 years, they have conducted more than 250 studies on cells obtained from over one hundred patients with suspected collagen VI deficiency, from both Spain and other countries.<\/p>\n<p>In addition to mutations in the collagen VI genes, there are also alterations related to mutations in one of the collagen XII genes (COL12A1), another extracellular matrix protein associated with collagen VI. In recent years, the laboratory has received regular requests from healthcare institutions to perform these diagnostic studies, evidencing an unmet need in this area. As a matter of fact, it may well be that the frequency of these Col12 alterations is grossly underestimated due to the lack of biochemical and cellular diagnostic tools for these types of mutations.<\/p>\n<p>Capitalizing the experience acquired in the analysis of collagen VI, and the work conducted by the team to fine-tune the techniques to study collagen 12 in fibroblast cultures, the project aims at expanding the diagnostic capacity of these techniques to offer an accurate diagnosis also to collagen XII patients.<\/p>\n<p>&nbsp;<\/p>\n<p><strong>Part 2: Development of novel molecular therapies for DMC-Col6<\/strong><\/p>\n<p><strong>\u00a0<\/strong>In previous projects, Dr. Jimenez-Mallebrera&#8217;s research team showed that CRISPR\/Cas9-based gene therapy tools are highly specific and effective in correcting point mutations, reducing the expression levels of mutated alleles, and restoring <em>in vitro<\/em> collagen matrix structure in fibroblasts from DMC-Col6 patients. However, despite their ability to block the expression of the mutated allele, these techniques are very ineffective in replacing mutations with the correct sequence through the process of homologous recombination (HDR), in cases where it is necessary to restore the original sequence.<\/p>\n<p>The project addresses this and other limitations that must be overcome before CRISPR\/Cas9 technology can be effectively applied <em>in vivo<\/em>. The overall goal is to learn more about CRISPR\/Cas9 and antisense oligonucleotide-based therapies in order to pave the way towards safe and effective therapies for the treatment of CMD-Col6 and other similar pathologies.<\/p>\n<p>Thus, the key objectives of the project are:<\/p>\n<ul>\n<li>Carry on providing biochemical and cellular diagnosis to patients with suspected collagen VI deficiency, improve the technique through the use of advanced microscopy and artificial intelligence systems, and extend the scope of the diagnosis to include mutations of collagen 12 genes.<\/li>\n<li>Develop therapies to correct pathogenic mutations in collagen VI genes, in particular:\n<ol>\n<li>Investigate various gene editing approaches based on CRISPR\/Cas9, including the most recent techniques (base editors and <em>prime editing<\/em>) as well as synthetic ancestral variants of the Cas protein, to correct different types of mutations in collagen VI genes.<\/li>\n<li>Investigate delivery systems for these gene therapies, both <em>in vitro<\/em> and <em>in vivo<\/em>. This includes, on the one hand, using the SMARTY platform, developed and patented by the Institute of Material Sciences of Barcelona (ICMAB), that consists in the use of fibroblast-targeted nanoparticles to deliver the genetic therapeutic tools to the cells. On the other hand, in collaboration with Dr. Ana Buj-Bello (G\u00e8n\u00e8thon, France), different types of adeno-associated viruses (AAV) will be studied as vectors to specifically deliver the therapies to the muscle tissue.<\/li>\n<li>In collaboration with Hospital Cl\u00ednic de Barcelona, investigate the pre-existing immunity against Cas9 proteins in the Spanish children population, in order to assess the potential immune response that patients may display in response to the administration of these therapies.<\/li>\n<\/ol>\n<\/li>\n<\/ul>\n<p>&nbsp;<\/p>\n<p><strong>Place of development:<\/strong><br \/>\nHSJD Hospital San Juan de Dios de Barcelona<\/p>\n<p><strong>Research Group:<\/strong><br \/>\nDra. Jimenez Mallebrera, Cecilia: Coordinadora Grupo de Investigaci\u00f3n.<br \/>\nDr. \u00a0L\u00f3pez M\u00e1rquez, Ar\u00edstides<br \/>\nDra. Badosa, Carmen<\/p>\n<p><strong>Duration of the project and period of support by Fundaci\u00f3n Noelia:<\/strong><br \/>\n2 years (March 2023 &#8211; June 2025)<\/p>\n<p><strong>Funding:<\/strong><br \/>\n106,185 EUROS<\/p>\n<p><strong>Contributions made by Fundaci\u00f3n Noelia:<\/strong><br \/>\nMarch 2023: 29.995\u20ac (<a href=\"https:\/\/fundacionnoelia.org\/wp-content\/uploads\/2023\/04\/036-23-FSJD_FUNDACION-NOELIA.pdf\" target=\"_blank\" rel=\"noopener\">Proof of payment<\/a>)<br \/>\nJune 2023: 38.095\u20ac (<a href=\"https:\/\/fundacionnoelia.org\/wp-content\/uploads\/2024\/01\/Transf.-2a-Aportacio-Colagen-VI-Projecte-C.-Jimenez-23-25.pdf\" target=\"_blank\" rel=\"noopener\">Proof of payment<\/a>)<br \/>\nJune 2024: 38.095\u20ac* (<a href=\"https:\/\/fundacionnoelia.org\/wp-content\/uploads\/2025\/02\/SA01_KB0092D001_20240617_101337.pdf\" target=\"_blank\" rel=\"noopener\">Proof of payment<\/a>)<br \/>\n* Co-Founded. Fundaci\u00f3n Noelia: 32,481\u20ac; Connectivity: 5,613\u20ac<\/p>\n<p><strong>Collaboration agreement<\/strong> [ESP]: <a href=\"https:\/\/fundacionnoelia.org\/wp-content\/uploads\/2023\/04\/Conveni-Col.laboracio-2023-2025.pdf\" target=\"_blank\" rel=\"noopener\">Read\u00a0<\/a>[\/vc_column_text][\/vc_column][vc_column width=&#8221;1\/6&#8243;][\/vc_column][\/vc_row][vc_row][vc_column width=&#8221;1\/6&#8243;][\/vc_column][vc_column width=&#8221;4\/6&#8243;]<div class=\"vcex-image-grid-wrap wpex-clr\"><div class=\"vcex-module vcex-image-grid wpex-clr grid-style-default wpex-row wpex-lightbox-group\"><div class=\"id-53215 vcex-image-grid-entry vcex-grid-item textcenter span_1_of_4 col col-1\"><figure class=\"vcex-image-grid-entry-figure wpex-last-mb-0 wpex-clr\"><div class=\"vcex-image-grid-entry-img entry-media wpex-mb-20\"><a href=\"https:\/\/fundacionnoelia.org\/wp-content\/uploads\/2023\/04\/WhatsApp-Image-2023-04-18-at-08.47.44.jpeg\" class=\"vcex-image-grid-entry-img wpex-lightbox-group-item\" ><img decoding=\"async\" width=\"773\" height=\"950\" src=\"https:\/\/fundacionnoelia.org\/wp-content\/uploads\/2023\/04\/WhatsApp-Image-2023-04-18-at-08.47.44.jpeg\" class=\"wpex-align-middle\" alt=\"\" loading=\"lazy\" srcset=\"https:\/\/fundacionnoelia.org\/wp-content\/uploads\/2023\/04\/WhatsApp-Image-2023-04-18-at-08.47.44.jpeg 773w, https:\/\/fundacionnoelia.org\/wp-content\/uploads\/2023\/04\/WhatsApp-Image-2023-04-18-at-08.47.44-244x300.jpeg 244w, https:\/\/fundacionnoelia.org\/wp-content\/uploads\/2023\/04\/WhatsApp-Image-2023-04-18-at-08.47.44-768x944.jpeg 768w, https:\/\/fundacionnoelia.org\/wp-content\/uploads\/2023\/04\/WhatsApp-Image-2023-04-18-at-08.47.44-600x737.jpeg 600w\" sizes=\"auto, (max-width: 773px) 100vw, 773px\" \/><\/a><\/div><\/figure><\/div><div class=\"id-54076 vcex-image-grid-entry vcex-grid-item textcenter span_1_of_4 col col-2\"><figure class=\"vcex-image-grid-entry-figure wpex-last-mb-0 wpex-clr\"><div class=\"vcex-image-grid-entry-img entry-media wpex-mb-20\"><a href=\"https:\/\/fundacionnoelia.org\/wp-content\/uploads\/2023\/08\/Imagen-de-WhatsApp-2023-08-01-a-las-11.17.20.jpg\" class=\"vcex-image-grid-entry-img wpex-lightbox-group-item\" ><img decoding=\"async\" width=\"768\" height=\"768\" src=\"https:\/\/fundacionnoelia.org\/wp-content\/uploads\/2023\/08\/Imagen-de-WhatsApp-2023-08-01-a-las-11.17.20.jpg\" class=\"wpex-align-middle\" alt=\"\" loading=\"lazy\" srcset=\"https:\/\/fundacionnoelia.org\/wp-content\/uploads\/2023\/08\/Imagen-de-WhatsApp-2023-08-01-a-las-11.17.20.jpg 768w, https:\/\/fundacionnoelia.org\/wp-content\/uploads\/2023\/08\/Imagen-de-WhatsApp-2023-08-01-a-las-11.17.20-300x300.jpg 300w, https:\/\/fundacionnoelia.org\/wp-content\/uploads\/2023\/08\/Imagen-de-WhatsApp-2023-08-01-a-las-11.17.20-150x150.jpg 150w, https:\/\/fundacionnoelia.org\/wp-content\/uploads\/2023\/08\/Imagen-de-WhatsApp-2023-08-01-a-las-11.17.20-600x600.jpg 600w, https:\/\/fundacionnoelia.org\/wp-content\/uploads\/2023\/08\/Imagen-de-WhatsApp-2023-08-01-a-las-11.17.20-100x100.jpg 100w\" sizes=\"auto, (max-width: 768px) 100vw, 768px\" \/><\/a><\/div><\/figure><\/div><\/div><\/div>[\/vc_column][vc_column width=&#8221;1\/6&#8243;][\/vc_column][\/vc_row]\n","protected":false},"excerpt":{"rendered":"<p>[vc_row][vc_column width=&#8221;1\/6&#8243;][\/vc_column][vc_column width=&#8221;4\/6&#8243;][vc_empty_space][vc_empty_space][vc_column_text] PERSONALIZED MEDICINE THERAPIES FOR CONGENITAL MUSCULAR DYSTROPHIES [\/vc_column_text][vc_empty_space][vc_column_text]Development of advanced molecular diagnostic methods for the accurate diagnosis of congenital muscular dystrophies and novel gene therapies for the treatment of collagen VI deficiency. &nbsp; Project description Part 1: Improved diagnosis of muscular dystrophies caused by mutations in collagen genes \u00a0Over the last 10&hellip;<\/p>\n","protected":false},"author":1,"featured_media":52606,"parent":19389,"menu_order":0,"comment_status":"closed","ping_status":"closed","template":"","meta":{"footnotes":""},"class_list":["post-52608","page","type-page","status-publish","has-post-thumbnail","hentry","entry","no-media"],"yoast_head":"<!-- This site is optimized with the Yoast SEO plugin v27.2 - https:\/\/yoast.com\/product\/yoast-seo-wordpress\/ -->\n<title>PERSONALIZED MEDICINE THERAPIES FOR CONGENITAL MUSCULAR DYSTROPHIES - Fundaci\u00f3n Noelia<\/title>\n<meta name=\"robots\" content=\"index, follow, max-snippet:-1, max-image-preview:large, max-video-preview:-1\" \/>\n<link rel=\"canonical\" href=\"https:\/\/fundacionnoelia.org\/en\/research-projects\/personalized-medicine-therapies-for-congenital-muscular-dystrophies\/\" \/>\n<meta property=\"og:locale\" content=\"en_US\" \/>\n<meta property=\"og:type\" content=\"article\" \/>\n<meta property=\"og:title\" content=\"PERSONALIZED MEDICINE THERAPIES FOR CONGENITAL MUSCULAR DYSTROPHIES - Fundaci\u00f3n Noelia\" \/>\n<meta property=\"og:description\" content=\"[vc_row][vc_column width=&#8221;1\/6&#8243;][\/vc_column][vc_column width=&#8221;4\/6&#8243;][vc_empty_space][vc_empty_space][vc_column_text] PERSONALIZED MEDICINE THERAPIES FOR CONGENITAL MUSCULAR DYSTROPHIES [\/vc_column_text][vc_empty_space][vc_column_text]Development of advanced molecular diagnostic methods for the accurate diagnosis of congenital muscular dystrophies and novel gene therapies for the treatment of collagen VI deficiency. &nbsp; Project description Part 1: Improved diagnosis of muscular dystrophies caused by mutations in collagen genes \u00a0Over the last 10&hellip;\" \/>\n<meta property=\"og:url\" content=\"https:\/\/fundacionnoelia.org\/en\/research-projects\/personalized-medicine-therapies-for-congenital-muscular-dystrophies\/\" \/>\n<meta property=\"og:site_name\" content=\"Fundaci\u00f3n Noelia\" \/>\n<meta property=\"article:modified_time\" content=\"2025-02-10T10:04:41+00:00\" \/>\n<meta property=\"og:image\" content=\"https:\/\/fundacionnoelia.org\/wp-content\/uploads\/2023\/02\/lab_proyecto.png\" \/>\n\t<meta property=\"og:image:width\" content=\"900\" \/>\n\t<meta property=\"og:image:height\" content=\"600\" \/>\n\t<meta property=\"og:image:type\" content=\"image\/png\" \/>\n<meta name=\"twitter:card\" content=\"summary_large_image\" \/>\n<meta name=\"twitter:label1\" content=\"Est. reading time\" \/>\n\t<meta name=\"twitter:data1\" content=\"5 minutes\" \/>\n<script type=\"application\/ld+json\" class=\"yoast-schema-graph\">{\"@context\":\"https:\/\/schema.org\",\"@graph\":[{\"@type\":\"WebPage\",\"@id\":\"https:\/\/fundacionnoelia.org\/en\/research-projects\/personalized-medicine-therapies-for-congenital-muscular-dystrophies\/\",\"url\":\"https:\/\/fundacionnoelia.org\/en\/research-projects\/personalized-medicine-therapies-for-congenital-muscular-dystrophies\/\",\"name\":\"PERSONALIZED MEDICINE THERAPIES FOR CONGENITAL MUSCULAR DYSTROPHIES - Fundaci\u00f3n Noelia\",\"isPartOf\":{\"@id\":\"https:\/\/fundacionnoelia.org\/en\/#website\"},\"primaryImageOfPage\":{\"@id\":\"https:\/\/fundacionnoelia.org\/en\/research-projects\/personalized-medicine-therapies-for-congenital-muscular-dystrophies\/#primaryimage\"},\"image\":{\"@id\":\"https:\/\/fundacionnoelia.org\/en\/research-projects\/personalized-medicine-therapies-for-congenital-muscular-dystrophies\/#primaryimage\"},\"thumbnailUrl\":\"https:\/\/fundacionnoelia.org\/wp-content\/uploads\/2023\/02\/lab_proyecto.png\",\"datePublished\":\"2023-02-23T20:58:57+00:00\",\"dateModified\":\"2025-02-10T10:04:41+00:00\",\"breadcrumb\":{\"@id\":\"https:\/\/fundacionnoelia.org\/en\/research-projects\/personalized-medicine-therapies-for-congenital-muscular-dystrophies\/#breadcrumb\"},\"inLanguage\":\"en-US\",\"potentialAction\":[{\"@type\":\"ReadAction\",\"target\":[\"https:\/\/fundacionnoelia.org\/en\/research-projects\/personalized-medicine-therapies-for-congenital-muscular-dystrophies\/\"]}]},{\"@type\":\"ImageObject\",\"inLanguage\":\"en-US\",\"@id\":\"https:\/\/fundacionnoelia.org\/en\/research-projects\/personalized-medicine-therapies-for-congenital-muscular-dystrophies\/#primaryimage\",\"url\":\"https:\/\/fundacionnoelia.org\/wp-content\/uploads\/2023\/02\/lab_proyecto.png\",\"contentUrl\":\"https:\/\/fundacionnoelia.org\/wp-content\/uploads\/2023\/02\/lab_proyecto.png\",\"width\":900,\"height\":600},{\"@type\":\"BreadcrumbList\",\"@id\":\"https:\/\/fundacionnoelia.org\/en\/research-projects\/personalized-medicine-therapies-for-congenital-muscular-dystrophies\/#breadcrumb\",\"itemListElement\":[{\"@type\":\"ListItem\",\"position\":1,\"name\":\"Portada\",\"item\":\"https:\/\/fundacionnoelia.org\/en\/\"},{\"@type\":\"ListItem\",\"position\":2,\"name\":\"Research Projects\",\"item\":\"https:\/\/fundacionnoelia.org\/en\/research-projects\/\"},{\"@type\":\"ListItem\",\"position\":3,\"name\":\"PERSONALIZED MEDICINE THERAPIES FOR CONGENITAL MUSCULAR DYSTROPHIES\"}]},{\"@type\":\"WebSite\",\"@id\":\"https:\/\/fundacionnoelia.org\/en\/#website\",\"url\":\"https:\/\/fundacionnoelia.org\/en\/\",\"name\":\"Fundaci\u00f3n Noelia\",\"description\":\"Just another WordPress site\",\"publisher\":{\"@id\":\"https:\/\/fundacionnoelia.org\/en\/#organization\"},\"potentialAction\":[{\"@type\":\"SearchAction\",\"target\":{\"@type\":\"EntryPoint\",\"urlTemplate\":\"https:\/\/fundacionnoelia.org\/en\/?s={search_term_string}\"},\"query-input\":{\"@type\":\"PropertyValueSpecification\",\"valueRequired\":true,\"valueName\":\"search_term_string\"}}],\"inLanguage\":\"en-US\"},{\"@type\":\"Organization\",\"@id\":\"https:\/\/fundacionnoelia.org\/en\/#organization\",\"name\":\"Fundaci\u00f3n Noelia\",\"url\":\"https:\/\/fundacionnoelia.org\/en\/\",\"logo\":{\"@type\":\"ImageObject\",\"inLanguage\":\"en-US\",\"@id\":\"https:\/\/fundacionnoelia.org\/en\/#\/schema\/logo\/image\/\",\"url\":\"https:\/\/fundacionnoelia.org\/wp-content\/uploads\/2022\/04\/logo_fundacion_noelia_transparente_peq.png\",\"contentUrl\":\"https:\/\/fundacionnoelia.org\/wp-content\/uploads\/2022\/04\/logo_fundacion_noelia_transparente_peq.png\",\"width\":391,\"height\":150,\"caption\":\"Fundaci\u00f3n Noelia\"},\"image\":{\"@id\":\"https:\/\/fundacionnoelia.org\/en\/#\/schema\/logo\/image\/\"}}]}<\/script>\n<!-- \/ Yoast SEO plugin. -->","yoast_head_json":{"title":"PERSONALIZED MEDICINE THERAPIES FOR CONGENITAL MUSCULAR DYSTROPHIES - Fundaci\u00f3n Noelia","robots":{"index":"index","follow":"follow","max-snippet":"max-snippet:-1","max-image-preview":"max-image-preview:large","max-video-preview":"max-video-preview:-1"},"canonical":"https:\/\/fundacionnoelia.org\/en\/research-projects\/personalized-medicine-therapies-for-congenital-muscular-dystrophies\/","og_locale":"en_US","og_type":"article","og_title":"PERSONALIZED MEDICINE THERAPIES FOR CONGENITAL MUSCULAR DYSTROPHIES - Fundaci\u00f3n Noelia","og_description":"[vc_row][vc_column width=&#8221;1\/6&#8243;][\/vc_column][vc_column width=&#8221;4\/6&#8243;][vc_empty_space][vc_empty_space][vc_column_text] PERSONALIZED MEDICINE THERAPIES FOR CONGENITAL MUSCULAR DYSTROPHIES [\/vc_column_text][vc_empty_space][vc_column_text]Development of advanced molecular diagnostic methods for the accurate diagnosis of congenital muscular dystrophies and novel gene therapies for the treatment of collagen VI deficiency. &nbsp; Project description Part 1: Improved diagnosis of muscular dystrophies caused by mutations in collagen genes \u00a0Over the last 10&hellip;","og_url":"https:\/\/fundacionnoelia.org\/en\/research-projects\/personalized-medicine-therapies-for-congenital-muscular-dystrophies\/","og_site_name":"Fundaci\u00f3n Noelia","article_modified_time":"2025-02-10T10:04:41+00:00","og_image":[{"width":900,"height":600,"url":"https:\/\/fundacionnoelia.org\/wp-content\/uploads\/2023\/02\/lab_proyecto.png","type":"image\/png"}],"twitter_card":"summary_large_image","twitter_misc":{"Est. reading time":"5 minutes"},"schema":{"@context":"https:\/\/schema.org","@graph":[{"@type":"WebPage","@id":"https:\/\/fundacionnoelia.org\/en\/research-projects\/personalized-medicine-therapies-for-congenital-muscular-dystrophies\/","url":"https:\/\/fundacionnoelia.org\/en\/research-projects\/personalized-medicine-therapies-for-congenital-muscular-dystrophies\/","name":"PERSONALIZED MEDICINE THERAPIES FOR CONGENITAL MUSCULAR DYSTROPHIES - Fundaci\u00f3n Noelia","isPartOf":{"@id":"https:\/\/fundacionnoelia.org\/en\/#website"},"primaryImageOfPage":{"@id":"https:\/\/fundacionnoelia.org\/en\/research-projects\/personalized-medicine-therapies-for-congenital-muscular-dystrophies\/#primaryimage"},"image":{"@id":"https:\/\/fundacionnoelia.org\/en\/research-projects\/personalized-medicine-therapies-for-congenital-muscular-dystrophies\/#primaryimage"},"thumbnailUrl":"https:\/\/fundacionnoelia.org\/wp-content\/uploads\/2023\/02\/lab_proyecto.png","datePublished":"2023-02-23T20:58:57+00:00","dateModified":"2025-02-10T10:04:41+00:00","breadcrumb":{"@id":"https:\/\/fundacionnoelia.org\/en\/research-projects\/personalized-medicine-therapies-for-congenital-muscular-dystrophies\/#breadcrumb"},"inLanguage":"en-US","potentialAction":[{"@type":"ReadAction","target":["https:\/\/fundacionnoelia.org\/en\/research-projects\/personalized-medicine-therapies-for-congenital-muscular-dystrophies\/"]}]},{"@type":"ImageObject","inLanguage":"en-US","@id":"https:\/\/fundacionnoelia.org\/en\/research-projects\/personalized-medicine-therapies-for-congenital-muscular-dystrophies\/#primaryimage","url":"https:\/\/fundacionnoelia.org\/wp-content\/uploads\/2023\/02\/lab_proyecto.png","contentUrl":"https:\/\/fundacionnoelia.org\/wp-content\/uploads\/2023\/02\/lab_proyecto.png","width":900,"height":600},{"@type":"BreadcrumbList","@id":"https:\/\/fundacionnoelia.org\/en\/research-projects\/personalized-medicine-therapies-for-congenital-muscular-dystrophies\/#breadcrumb","itemListElement":[{"@type":"ListItem","position":1,"name":"Portada","item":"https:\/\/fundacionnoelia.org\/en\/"},{"@type":"ListItem","position":2,"name":"Research Projects","item":"https:\/\/fundacionnoelia.org\/en\/research-projects\/"},{"@type":"ListItem","position":3,"name":"PERSONALIZED MEDICINE THERAPIES FOR CONGENITAL MUSCULAR DYSTROPHIES"}]},{"@type":"WebSite","@id":"https:\/\/fundacionnoelia.org\/en\/#website","url":"https:\/\/fundacionnoelia.org\/en\/","name":"Fundaci\u00f3n Noelia","description":"Just another WordPress site","publisher":{"@id":"https:\/\/fundacionnoelia.org\/en\/#organization"},"potentialAction":[{"@type":"SearchAction","target":{"@type":"EntryPoint","urlTemplate":"https:\/\/fundacionnoelia.org\/en\/?s={search_term_string}"},"query-input":{"@type":"PropertyValueSpecification","valueRequired":true,"valueName":"search_term_string"}}],"inLanguage":"en-US"},{"@type":"Organization","@id":"https:\/\/fundacionnoelia.org\/en\/#organization","name":"Fundaci\u00f3n Noelia","url":"https:\/\/fundacionnoelia.org\/en\/","logo":{"@type":"ImageObject","inLanguage":"en-US","@id":"https:\/\/fundacionnoelia.org\/en\/#\/schema\/logo\/image\/","url":"https:\/\/fundacionnoelia.org\/wp-content\/uploads\/2022\/04\/logo_fundacion_noelia_transparente_peq.png","contentUrl":"https:\/\/fundacionnoelia.org\/wp-content\/uploads\/2022\/04\/logo_fundacion_noelia_transparente_peq.png","width":391,"height":150,"caption":"Fundaci\u00f3n Noelia"},"image":{"@id":"https:\/\/fundacionnoelia.org\/en\/#\/schema\/logo\/image\/"}}]}},"_links":{"self":[{"href":"https:\/\/fundacionnoelia.org\/en\/wp-json\/wp\/v2\/pages\/52608","targetHints":{"allow":["GET"]}}],"collection":[{"href":"https:\/\/fundacionnoelia.org\/en\/wp-json\/wp\/v2\/pages"}],"about":[{"href":"https:\/\/fundacionnoelia.org\/en\/wp-json\/wp\/v2\/types\/page"}],"author":[{"embeddable":true,"href":"https:\/\/fundacionnoelia.org\/en\/wp-json\/wp\/v2\/users\/1"}],"replies":[{"embeddable":true,"href":"https:\/\/fundacionnoelia.org\/en\/wp-json\/wp\/v2\/comments?post=52608"}],"version-history":[{"count":10,"href":"https:\/\/fundacionnoelia.org\/en\/wp-json\/wp\/v2\/pages\/52608\/revisions"}],"predecessor-version":[{"id":61291,"href":"https:\/\/fundacionnoelia.org\/en\/wp-json\/wp\/v2\/pages\/52608\/revisions\/61291"}],"up":[{"embeddable":true,"href":"https:\/\/fundacionnoelia.org\/en\/wp-json\/wp\/v2\/pages\/19389"}],"wp:featuredmedia":[{"embeddable":true,"href":"https:\/\/fundacionnoelia.org\/en\/wp-json\/wp\/v2\/media\/52606"}],"wp:attachment":[{"href":"https:\/\/fundacionnoelia.org\/en\/wp-json\/wp\/v2\/media?parent=52608"}],"curies":[{"name":"wp","href":"https:\/\/api.w.org\/{rel}","templated":true}]}}