{"id":20927,"date":"2022-05-25T10:08:44","date_gmt":"2022-05-25T10:08:44","guid":{"rendered":"https:\/\/fundacionnoelia.org\/?page_id=20927"},"modified":"2025-11-05T10:09:42","modified_gmt":"2025-11-05T10:09:42","slug":"transparency","status":"publish","type":"page","link":"https:\/\/fundacionnoelia.org\/en\/the-foundation\/transparency\/","title":{"rendered":"Transparency"},"content":{"rendered":"[vc_row][vc_column width=&#8221;1\/6&#8243;][\/vc_column][vc_column width=&#8221;4\/6&#8243;][vc_column_text]The <strong>Noelia Foundation, Children against Collagen VI Congenital Muscular Dystrophy<\/strong> was established on Aug. 13<sup>th<\/sup>, 2015 by public deed number 774, being registered with the number 1766 in the Registry of Foundations by Ministerial Order of 09\/21\/2015. Registration implies therecognition of the general interest of its purpose.<\/p>\n<p>Mrs. Noelia Canela Vives holds the position of President of the Board of the <strong>Noelia Foundation, Children against Collagen VI Congenital Muscular Dystrophy<\/strong>, as registered, to this day, in the Registry of Foundations.[\/vc_column_text][vc_empty_space][\/vc_column][vc_column width=&#8221;1\/6&#8243;][\/vc_column][\/vc_row][vc_row css=&#8221;.vc_custom_1646656528345{background-color: #ededed !important;}&#8221;][vc_column width=&#8221;1\/6&#8243;][\/vc_column][vc_column width=&#8221;4\/6&#8243;][vc_row_inner][vc_column_inner][vc_empty_space][vc_column_text]\n<h3>Documentaci\u00f3n<\/h3>\n[\/vc_column_text][vc_empty_space][vc_column_text]View and download <strong><a href=\"https:\/\/fundacionnoelia.org\/wp-content\/uploads\/2022\/03\/Inscripcion-al-Registo-de-Fundaciones.pdf\" target=\"_blank\" rel=\"noopener\">Inscripci\u00f3n al Registo de Fundaciones.<\/a><\/strong><br \/>\nView and download <strong><a href=\"https:\/\/fundacionnoelia.org\/wp-content\/uploads\/2022\/03\/Estatutos-de-la-Fundacion-Noelia.pdf\" target=\"_blank\" rel=\"noopener\">Estatutos de la Fundaci\u00f3n Noelia.<\/a><\/strong><br \/>\nView and download <strong><a href=\"https:\/\/fundacionnoelia.org\/wp-content\/uploads\/2022\/03\/CIF-Fundacion-Noelia.pdf\" target=\"_blank\" rel=\"noopener\">CIF Fundaci\u00f3n Noelia.<\/a><\/strong><br \/>\nView and download <strong><a href=\"https:\/\/fundacionnoelia.org\/wp-content\/uploads\/2022\/03\/Escritura-de-Constitucion-Fundacion-Noelia.pdf\" target=\"_blank\" rel=\"noopener\">Escritura de Constituci\u00f3n Fundaci\u00f3n Noelia.<\/a><br \/>\n<\/strong>View and download <strong><a href=\"https:\/\/fundacionnoelia.org\/wp-content\/uploads\/2022\/03\/Escritura_Modificacion-del-Articulo-1-de-los-estatutos-y-creacion-delagacion-Pais-Vasco.pdf\" target=\"_blank\" rel=\"noopener\">Escritura: Modificaci\u00f3n del Articulo 1 de los estatutos y creaci\u00f3n delagaci\u00f3n Pais Vasco<\/a><\/strong><br \/>\nView and download <strong><a href=\"https:\/\/fundacionnoelia.org\/wp-content\/uploads\/2022\/03\/Cumplimiento-articulo-4-Ley-10_2010-sobre-prevencion-blanqueo-capitales-y-la-financiacion-del-Terrorismo.pdf\" target=\"_blank\" rel=\"noopener\">Cumplimiento articulo 4 Ley 10\/2010 sobre prevenci\u00f3n blanqueo capitales y la financiaci\u00f3n del Terrorismo<\/a><\/strong><\/p>\n<p>View and download <strong><a href=\"https:\/\/fundacionnoelia.org\/wp-content\/uploads\/2022\/03\/Plan-Actuacion-2016.pdf\" target=\"_blank\" rel=\"noopener\">Plan Actuaci\u00f3n 2016<\/a>.<\/strong><br \/>\nView and download <strong><a href=\"https:\/\/fundacionnoelia.org\/wp-content\/uploads\/2022\/03\/Plan-Actuacion-2017.pdf\" target=\"_blank\" rel=\"noopener\">Plan Actuaci\u00f3n 2017<\/a>.<\/strong><br \/>\nView and download <strong><a href=\"https:\/\/fundacionnoelia.org\/wp-content\/uploads\/2022\/03\/Plan-Actuacion-2018.pdf\" target=\"_blank\" rel=\"noopener\">Plan Actuaci\u00f3n 2018<\/a>.<\/strong><br \/>\nView and download <strong><a href=\"https:\/\/fundacionnoelia.org\/wp-content\/uploads\/2022\/03\/Plan-Actuacion-2019.pdf\" target=\"_blank\" rel=\"noopener\">Plan Actuaci\u00f3n 2019<\/a>.<\/strong><br \/>\nView and download <strong><a href=\"https:\/\/fundacionnoelia.org\/wp-content\/uploads\/2023\/02\/Plan-Actuacion-2020.pdf\" target=\"_blank\" rel=\"noopener\">Plan Actuaci\u00f3n 2020<\/a>.<\/strong><br \/>\nView and download <strong><a href=\"https:\/\/fundacionnoelia.org\/wp-content\/uploads\/2023\/02\/PLAN-ACTUACION-2021.pdf\" target=\"_blank\" rel=\"noopener\">Plan Actuaci\u00f3n 2021<\/a>.<\/strong><br \/>\nView and download <strong><a href=\"https:\/\/fundacionnoelia.org\/wp-content\/uploads\/2023\/02\/20220428-LIBRO-PLAN-ACTUACION-2022-LEGALIZADO.pdf\" target=\"_blank\" rel=\"noopener\">Plan Actuaci\u00f3n 2022<\/a>.<\/strong><br \/>\nView and download <strong><a href=\"https:\/\/fundacionnoelia.org\/wp-content\/uploads\/2023\/02\/Plan-Actuacion-2023.pdf\" target=\"_blank\" rel=\"noopener\">Plan Actuaci\u00f3n 2023<\/a>.<\/strong><br \/>\nView and download <strong><a href=\"https:\/\/fundacionnoelia.org\/wp-content\/uploads\/2024\/01\/1766CIN-PLAN-DE-ACTUACION-2024.pdf\" target=\"_blank\" rel=\"noopener\">Plan Actuaci\u00f3n 2024<\/a>.<\/strong><br \/>\nView and download <strong><a href=\"https:\/\/fundacionnoelia.org\/wp-content\/uploads\/2025\/11\/LIBRO-PLAN-ACTUACION-2025-LEGALIZADO.pdf\" target=\"_blank\" rel=\"noopener\">Plan Actuaci\u00f3n 2025<\/a>.<\/strong><\/p>\n<p>View and download<strong><a href=\"https:\/\/fundacionnoelia.org\/wp-content\/uploads\/2022\/03\/Memoria-Actividades-2016.pdf\" target=\"_blank\" rel=\"noopener\">\u00a0Memoria Actividades 2016<\/a>.<\/strong><br \/>\nView and download <strong><a href=\"https:\/\/fundacionnoelia.org\/wp-content\/uploads\/2022\/03\/Memoria-Actividades-2017.pdf\" target=\"_blank\" rel=\"noopener\">Memoria Actividades 2017<\/a>.<\/strong><br \/>\nView and download <strong><a href=\"https:\/\/fundacionnoelia.org\/wp-content\/uploads\/2022\/03\/Memoria-Actividades-2020.pdf\" target=\"_blank\" rel=\"noopener\">Memoria Actividades 2020<\/a>.<\/strong><br \/>\nView and download <strong><a href=\"https:\/\/fundacionnoelia.org\/wp-content\/uploads\/2022\/11\/Fundacion-Noelia_Memoria-2021.pdf\" target=\"_blank\" rel=\"noopener\">Memoria Actividades 2021<\/a>.<\/strong><br \/>\nView and download <strong><a href=\"https:\/\/fundacionnoelia.org\/wp-content\/uploads\/2023\/11\/Fundacion-Noelia_Memoria2022.pdf\" target=\"_blank\" rel=\"noopener\">Memoria Actividades 2022<\/a>.<\/strong><br \/>\nView and download <strong><a href=\"https:\/\/fundacionnoelia.org\/wp-content\/uploads\/2024\/06\/Fundacion-Noelia_Memoria2023.pdf\" target=\"_blank\" rel=\"noopener\">Memoria Actividades 2023<\/a>.<\/strong><br \/>\nView and download<strong><a href=\"https:\/\/fundacionnoelia.org\/wp-content\/uploads\/2025\/10\/Fundacion-Noelia_Memoria2024.pdf\" target=\"_blank\" rel=\"noopener\">\u00a0Memoria Actividades 2024<\/a>.<\/strong>[\/vc_column_text][\/vc_column_inner][\/vc_row_inner][\/vc_column][vc_column width=&#8221;1\/6&#8243;][\/vc_column][\/vc_row]\n","protected":false},"excerpt":{"rendered":"<p>[vc_row][vc_column width=&#8221;1\/6&#8243;][\/vc_column][vc_column width=&#8221;4\/6&#8243;][vc_column_text]The Noelia Foundation, Children against Collagen VI Congenital Muscular Dystrophy was established on Aug. 13th, 2015 by public deed number 774, being registered with the number 1766 in the Registry of Foundations by Ministerial Order of 09\/21\/2015. Registration implies therecognition of the general interest of its purpose. Mrs. Noelia Canela Vives holds the&hellip;<\/p>\n","protected":false},"author":1,"featured_media":0,"parent":19453,"menu_order":0,"comment_status":"closed","ping_status":"closed","template":"","meta":{"footnotes":""},"class_list":["post-20927","page","type-page","status-publish","hentry","entry","no-media"],"yoast_head":"<!-- This site is optimized with the Yoast SEO plugin v27.2 - https:\/\/yoast.com\/product\/yoast-seo-wordpress\/ -->\n<title>Transparency - Fundaci\u00f3n Noelia<\/title>\n<meta name=\"robots\" content=\"index, follow, max-snippet:-1, max-image-preview:large, max-video-preview:-1\" \/>\n<link rel=\"canonical\" href=\"https:\/\/fundacionnoelia.org\/en\/the-foundation\/transparency\/\" \/>\n<meta property=\"og:locale\" content=\"en_US\" \/>\n<meta property=\"og:type\" content=\"article\" \/>\n<meta property=\"og:title\" content=\"Transparency - Fundaci\u00f3n Noelia\" \/>\n<meta property=\"og:description\" content=\"[vc_row][vc_column width=&#8221;1\/6&#8243;][\/vc_column][vc_column width=&#8221;4\/6&#8243;][vc_column_text]The Noelia Foundation, Children against Collagen VI Congenital Muscular Dystrophy was established on Aug. 13th, 2015 by public deed number 774, being registered with the number 1766 in the Registry of Foundations by Ministerial Order of 09\/21\/2015. Registration implies therecognition of the general interest of its purpose. Mrs. Noelia Canela Vives holds the&hellip;\" \/>\n<meta property=\"og:url\" content=\"https:\/\/fundacionnoelia.org\/en\/the-foundation\/transparency\/\" \/>\n<meta property=\"og:site_name\" content=\"Fundaci\u00f3n Noelia\" \/>\n<meta property=\"article:modified_time\" content=\"2025-11-05T10:09:42+00:00\" \/>\n<meta name=\"twitter:card\" content=\"summary_large_image\" \/>\n<meta name=\"twitter:label1\" content=\"Est. reading time\" \/>\n\t<meta name=\"twitter:data1\" content=\"2 minutes\" \/>\n<script type=\"application\/ld+json\" class=\"yoast-schema-graph\">{\"@context\":\"https:\/\/schema.org\",\"@graph\":[{\"@type\":\"WebPage\",\"@id\":\"https:\/\/fundacionnoelia.org\/en\/the-foundation\/transparency\/\",\"url\":\"https:\/\/fundacionnoelia.org\/en\/the-foundation\/transparency\/\",\"name\":\"Transparency - Fundaci\u00f3n Noelia\",\"isPartOf\":{\"@id\":\"https:\/\/fundacionnoelia.org\/en\/#website\"},\"datePublished\":\"2022-05-25T10:08:44+00:00\",\"dateModified\":\"2025-11-05T10:09:42+00:00\",\"breadcrumb\":{\"@id\":\"https:\/\/fundacionnoelia.org\/en\/the-foundation\/transparency\/#breadcrumb\"},\"inLanguage\":\"en-US\",\"potentialAction\":[{\"@type\":\"ReadAction\",\"target\":[\"https:\/\/fundacionnoelia.org\/en\/the-foundation\/transparency\/\"]}]},{\"@type\":\"BreadcrumbList\",\"@id\":\"https:\/\/fundacionnoelia.org\/en\/the-foundation\/transparency\/#breadcrumb\",\"itemListElement\":[{\"@type\":\"ListItem\",\"position\":1,\"name\":\"Portada\",\"item\":\"https:\/\/fundacionnoelia.org\/en\/\"},{\"@type\":\"ListItem\",\"position\":2,\"name\":\"The Foundation\",\"item\":\"https:\/\/fundacionnoelia.org\/en\/the-foundation\/\"},{\"@type\":\"ListItem\",\"position\":3,\"name\":\"Transparency\"}]},{\"@type\":\"WebSite\",\"@id\":\"https:\/\/fundacionnoelia.org\/en\/#website\",\"url\":\"https:\/\/fundacionnoelia.org\/en\/\",\"name\":\"Fundaci\u00f3n Noelia\",\"description\":\"Just another WordPress site\",\"publisher\":{\"@id\":\"https:\/\/fundacionnoelia.org\/en\/#organization\"},\"potentialAction\":[{\"@type\":\"SearchAction\",\"target\":{\"@type\":\"EntryPoint\",\"urlTemplate\":\"https:\/\/fundacionnoelia.org\/en\/?s={search_term_string}\"},\"query-input\":{\"@type\":\"PropertyValueSpecification\",\"valueRequired\":true,\"valueName\":\"search_term_string\"}}],\"inLanguage\":\"en-US\"},{\"@type\":\"Organization\",\"@id\":\"https:\/\/fundacionnoelia.org\/en\/#organization\",\"name\":\"Fundaci\u00f3n Noelia\",\"url\":\"https:\/\/fundacionnoelia.org\/en\/\",\"logo\":{\"@type\":\"ImageObject\",\"inLanguage\":\"en-US\",\"@id\":\"https:\/\/fundacionnoelia.org\/en\/#\/schema\/logo\/image\/\",\"url\":\"https:\/\/fundacionnoelia.org\/wp-content\/uploads\/2022\/04\/logo_fundacion_noelia_transparente_peq.png\",\"contentUrl\":\"https:\/\/fundacionnoelia.org\/wp-content\/uploads\/2022\/04\/logo_fundacion_noelia_transparente_peq.png\",\"width\":391,\"height\":150,\"caption\":\"Fundaci\u00f3n Noelia\"},\"image\":{\"@id\":\"https:\/\/fundacionnoelia.org\/en\/#\/schema\/logo\/image\/\"}}]}<\/script>\n<!-- \/ Yoast SEO plugin. -->","yoast_head_json":{"title":"Transparency - Fundaci\u00f3n Noelia","robots":{"index":"index","follow":"follow","max-snippet":"max-snippet:-1","max-image-preview":"max-image-preview:large","max-video-preview":"max-video-preview:-1"},"canonical":"https:\/\/fundacionnoelia.org\/en\/the-foundation\/transparency\/","og_locale":"en_US","og_type":"article","og_title":"Transparency - Fundaci\u00f3n Noelia","og_description":"[vc_row][vc_column width=&#8221;1\/6&#8243;][\/vc_column][vc_column width=&#8221;4\/6&#8243;][vc_column_text]The Noelia Foundation, Children against Collagen VI Congenital Muscular Dystrophy was established on Aug. 13th, 2015 by public deed number 774, being registered with the number 1766 in the Registry of Foundations by Ministerial Order of 09\/21\/2015. Registration implies therecognition of the general interest of its purpose. Mrs. Noelia Canela Vives holds the&hellip;","og_url":"https:\/\/fundacionnoelia.org\/en\/the-foundation\/transparency\/","og_site_name":"Fundaci\u00f3n Noelia","article_modified_time":"2025-11-05T10:09:42+00:00","twitter_card":"summary_large_image","twitter_misc":{"Est. reading time":"2 minutes"},"schema":{"@context":"https:\/\/schema.org","@graph":[{"@type":"WebPage","@id":"https:\/\/fundacionnoelia.org\/en\/the-foundation\/transparency\/","url":"https:\/\/fundacionnoelia.org\/en\/the-foundation\/transparency\/","name":"Transparency - Fundaci\u00f3n Noelia","isPartOf":{"@id":"https:\/\/fundacionnoelia.org\/en\/#website"},"datePublished":"2022-05-25T10:08:44+00:00","dateModified":"2025-11-05T10:09:42+00:00","breadcrumb":{"@id":"https:\/\/fundacionnoelia.org\/en\/the-foundation\/transparency\/#breadcrumb"},"inLanguage":"en-US","potentialAction":[{"@type":"ReadAction","target":["https:\/\/fundacionnoelia.org\/en\/the-foundation\/transparency\/"]}]},{"@type":"BreadcrumbList","@id":"https:\/\/fundacionnoelia.org\/en\/the-foundation\/transparency\/#breadcrumb","itemListElement":[{"@type":"ListItem","position":1,"name":"Portada","item":"https:\/\/fundacionnoelia.org\/en\/"},{"@type":"ListItem","position":2,"name":"The Foundation","item":"https:\/\/fundacionnoelia.org\/en\/the-foundation\/"},{"@type":"ListItem","position":3,"name":"Transparency"}]},{"@type":"WebSite","@id":"https:\/\/fundacionnoelia.org\/en\/#website","url":"https:\/\/fundacionnoelia.org\/en\/","name":"Fundaci\u00f3n Noelia","description":"Just another WordPress site","publisher":{"@id":"https:\/\/fundacionnoelia.org\/en\/#organization"},"potentialAction":[{"@type":"SearchAction","target":{"@type":"EntryPoint","urlTemplate":"https:\/\/fundacionnoelia.org\/en\/?s={search_term_string}"},"query-input":{"@type":"PropertyValueSpecification","valueRequired":true,"valueName":"search_term_string"}}],"inLanguage":"en-US"},{"@type":"Organization","@id":"https:\/\/fundacionnoelia.org\/en\/#organization","name":"Fundaci\u00f3n Noelia","url":"https:\/\/fundacionnoelia.org\/en\/","logo":{"@type":"ImageObject","inLanguage":"en-US","@id":"https:\/\/fundacionnoelia.org\/en\/#\/schema\/logo\/image\/","url":"https:\/\/fundacionnoelia.org\/wp-content\/uploads\/2022\/04\/logo_fundacion_noelia_transparente_peq.png","contentUrl":"https:\/\/fundacionnoelia.org\/wp-content\/uploads\/2022\/04\/logo_fundacion_noelia_transparente_peq.png","width":391,"height":150,"caption":"Fundaci\u00f3n Noelia"},"image":{"@id":"https:\/\/fundacionnoelia.org\/en\/#\/schema\/logo\/image\/"}}]}},"_links":{"self":[{"href":"https:\/\/fundacionnoelia.org\/en\/wp-json\/wp\/v2\/pages\/20927","targetHints":{"allow":["GET"]}}],"collection":[{"href":"https:\/\/fundacionnoelia.org\/en\/wp-json\/wp\/v2\/pages"}],"about":[{"href":"https:\/\/fundacionnoelia.org\/en\/wp-json\/wp\/v2\/types\/page"}],"author":[{"embeddable":true,"href":"https:\/\/fundacionnoelia.org\/en\/wp-json\/wp\/v2\/users\/1"}],"replies":[{"embeddable":true,"href":"https:\/\/fundacionnoelia.org\/en\/wp-json\/wp\/v2\/comments?post=20927"}],"version-history":[{"count":9,"href":"https:\/\/fundacionnoelia.org\/en\/wp-json\/wp\/v2\/pages\/20927\/revisions"}],"predecessor-version":[{"id":62841,"href":"https:\/\/fundacionnoelia.org\/en\/wp-json\/wp\/v2\/pages\/20927\/revisions\/62841"}],"up":[{"embeddable":true,"href":"https:\/\/fundacionnoelia.org\/en\/wp-json\/wp\/v2\/pages\/19453"}],"wp:attachment":[{"href":"https:\/\/fundacionnoelia.org\/en\/wp-json\/wp\/v2\/media?parent=20927"}],"curies":[{"name":"wp","href":"https:\/\/api.w.org\/{rel}","templated":true}]}}