{"id":19405,"date":"2022-04-04T10:38:23","date_gmt":"2022-04-04T10:38:23","guid":{"rendered":"https:\/\/fundacionnoelia.org\/proyectos-de-investigacion\/historia-natural-diagnostico-y-tratamiento-de-las-distrofias-musculares-por-deficit-de-colageno-vi\/"},"modified":"2022-04-04T11:52:36","modified_gmt":"2022-04-04T11:52:36","slug":"natural-history-diagnosis-and-treatment-of-collagen-vi-related-muscular-dystrophies","status":"publish","type":"page","link":"https:\/\/fundacionnoelia.org\/en\/research-projects\/natural-history-diagnosis-and-treatment-of-collagen-vi-related-muscular-dystrophies\/","title":{"rendered":"Natural History, diagnosis and treatment of collagen VI-related muscular dystrophies"},"content":{"rendered":"[vc_row][vc_column width=&#8221;1\/6&#8243;][\/vc_column][vc_column width=&#8221;4\/6&#8243;][vc_empty_space]<figure class=\"vcex-image vcex-module wpex-clr textcenter\"><div class=\"vcex-image-inner wpex-relative wpex-inline-block\"><img decoding=\"async\" width=\"900\" height=\"600\" src=\"https:\/\/fundacionnoelia.org\/wp-content\/uploads\/2022\/03\/proyecto1.png\" class=\"wpex-align-middle\" alt=\"\" loading=\"lazy\" srcset=\"https:\/\/fundacionnoelia.org\/wp-content\/uploads\/2022\/03\/proyecto1.png 900w, https:\/\/fundacionnoelia.org\/wp-content\/uploads\/2022\/03\/proyecto1-300x200.png 300w, https:\/\/fundacionnoelia.org\/wp-content\/uploads\/2022\/03\/proyecto1-768x512.png 768w, https:\/\/fundacionnoelia.org\/wp-content\/uploads\/2022\/03\/proyecto1-600x400.png 600w\" sizes=\"auto, (max-width: 900px) 100vw, 900px\" \/><\/div><\/figure>[vc_empty_space][vc_column_text]\n<h2 class=\"icon_box_heading\">NATURAL HISTORY, DIAGNOSIS AND TREATMENT OF COLLAGEN VI-RELATED MUSCULAR DYSTROPHIES<\/h2>\n[\/vc_column_text][vc_empty_space][vc_column_text]\n<p id=\"block-2ac401a4-18e6-45bf-a4ea-7a29646064ec\"><strong>Project description<\/strong><br \/>\n<strong>The project includes:<\/strong><\/p>\n<p id=\"block-a449ec4b-5183-4b92-9d26-96a1fb91bc97\"><strong>Application of CRISPR-Cas9 technology:<\/strong>\u00a0Investigating the application of gene editing technology to dominant mutations in collagen-VI genes. It is based on the use of specifically designed RNA molecules that guide the Cas9 nuclease to the desired sequence, so that it is cut off. It constitutes one more step towards finding a cure for the disease.<\/p>\n<p id=\"block-a4afa79d-4b56-4052-baf9-1be414aef324\"><strong>Contribution to ongoing diagnosis:<\/strong>\u00a0Evaluating the production and secretion of collagen VI in primary cultures of fibroblasts as a diagnostic and prognostic tool.<\/p>\n<p id=\"block-e53660b1-fad1-42af-be42-00185e00547b\"><strong>Identification and validation of new biomarkers in blood and tissue.<\/strong><\/p>\n<p id=\"block-e7f85fb7-67b4-42ba-a7bd-16e689625896\"><strong>Understanding the Natural History of the disease<\/strong>\u00a0through regular monitoring, the use of standardized scales and other functional tests, which objectively measure physical capacity and other aspects such as the quality of life of the patients. The scales have been validated internationally, but they are not being systematically applied in Spain. All those affected by Col-VI CMD can access these tests, which will contribute to a broader understanding of the disease in both a general way and also individually, according to the mutation. These data are key to the design and development of future clinical trials.<\/p>\n<p id=\"block-91c5863c-ceaf-4545-92ea-54913f10f14e\"><strong>Creation of a National Patient Registry:<\/strong>\u00a0The Registry has been designed by the Hospital Sant Joan de D\u00e9u and the Hospital de Sant Pau in Barcelona, based on the registry and patient questionnaire of Cure CMD (International Registry of Muscular Dystrophies). This registry will allow segmenting patients with the purpose of facilitating and supporting biomedical, basic and clinical research. The results of this research shall be applied to the diagnosis, prognosis and improvement of patient care and will contribute to research as clinical trials can translate in future treatments.<\/p>\n<p><strong>Duration:<\/strong><br \/>\n<strong>Phase I.<\/strong>\u00a02017-2019.. <a href=\"https:\/\/fundacionnoelia.org\/wp-content\/uploads\/2022\/03\/Proyecto-Historia-Natural-diagnostico-y-tratamiento-de-las-DM-x-deficit-colageno-VI.pdf\" target=\"_blank\" rel=\"noreferrer noopener\">Detailed Report Phase I<\/a><br \/>\n<strong>Phase II.<\/strong>\u00a02019-2021. <a href=\"https:\/\/fundacionnoelia.org\/wp-content\/uploads\/2022\/03\/Proyecto_Historia_Natural_Diagnostico_Tratamiento_DM_Por_Deficit_Colageno_VI_FaseII.pdf\" target=\"_blank\" rel=\"noreferrer noopener\">Detailed Report Phase II<\/a><\/p>\n<p id=\"block-1857b5cc-d9fe-4475-ba5f-c965cabe3ad7\"><strong>Investment:<\/strong><br \/>\n<strong>Phase I.<\/strong>\u00a0 Total project budget is\u00a0<strong>\u20ac 134,925<\/strong><br \/>\n<strong>Phase II.<\/strong>\u00a0Total project budget is\u00a0<strong>\u20ac 144,000<\/strong><\/p>\n<p id=\"block-fc827214-6a39-48ae-bdda-9869232c821b\"><strong>Contributions made by Noelia Foundation:<\/strong><br \/>\nMay 15, 2017:\u00a0<strong>\u20ac 52,000. <\/strong> <a href=\"https:\/\/fundacionnoelia.org\/wp-content\/uploads\/2022\/03\/Justificant_transferencia_52.000.pdf\" target=\"_blank\" rel=\"noreferrer noopener\">Proof of transfer.<\/a><br \/>\nApril 19, 2018:<strong>\u20ac 30.000. <\/strong> <a href=\"https:\/\/fundacionnoelia.org\/wp-content\/uploads\/2022\/03\/Justificante-transferencia-30.000E_HSJD.pdf\" target=\"_blank\" rel=\"noreferrer noopener\">Proof of transfer.<\/a><br \/>\nSeptember 19, 2018:\u00a0<strong>\u20ac\u00a037.500<\/strong>. <a href=\"https:\/\/fundacionnoelia.org\/wp-content\/uploads\/2022\/03\/Justificante_transfere_sept_2018_37.500Euros.pdf\" target=\"_blank\" rel=\"noreferrer noopener\">Proof of transfer.<\/a><br \/>\nJune\u00a020, 2019:\u00a0<strong>\u20ac 44.000.\u00a0<\/strong>\u00a0<a href=\"https:\/\/fundacionnoelia.org\/wp-content\/uploads\/2022\/03\/Justificante_transferecia_junio_2019_44.000_Euros.pdf\" target=\"_blank\" rel=\"noreferrer noopener\">Proof of transfer.<\/a><\/p>\n<p id=\"block-0fa9266b-1a62-44ff-a28a-21a0bc8d1764\"><strong>Research site:<\/strong><br \/>\nHospital Sant Joan de D\u00e9u (Barcelona)<\/p>\n<p id=\"block-f88605af-6616-4308-95e5-8f35287f3a3c\"><strong>Project directed by:<\/strong><br \/>\nDr. Cecilia Jim\u00e9nez Mallebrera<br \/>\nDr. Andr\u00e9s Nascimento Osorio<\/p>\n<p id=\"block-0e881a0c-0a36-4b5a-b25a-054ab418fb32\"><a href=\"https:\/\/fundacionnoelia.org\/wp-content\/uploads\/2022\/03\/Proyecto-Historia-Natural-diagnostico-y-tratamiento-de-las-DM-x-deficit-colageno-VI.pdf\" target=\"_blank\" rel=\"noreferrer noopener\">Proyecto Historia Natural, diagn\u00f3stico y tratamiento de las Distrofias Musculares por d\u00e9ficit en colageno VI \u2013 FASE I.<\/a><br \/>\n<a href=\"https:\/\/fundacionnoelia.org\/wp-content\/uploads\/2022\/03\/Proyecto_Historia_Natural_Diagnostico_Tratamiento_DM_Por_Deficit_Colageno_VI_FaseII.pdf\" target=\"_blank\" rel=\"noreferrer noopener\">Proyecto Historia Natural, diagn\u00f3stico y tratamiento de las Distrofias Musculares por d\u00e9ficit en colageno VI \u2013 FASE II.<\/a><br \/>\n<a href=\"https:\/\/fundacionnoelia.org\/wp-content\/uploads\/2022\/03\/PROYECTO-AYUDAME-A-EXISTIR-revisado.pdf\" target=\"_blank\" rel=\"noreferrer noopener\">Anexo Registro Nacional y Escalas.<\/a><br \/>\n<a href=\"https:\/\/fundacionnoelia.org\/wp-content\/uploads\/2022\/03\/Convenio_colaboracion_HSJD_F.Noelia.pdf\" target=\"_blank\" rel=\"noreferrer noopener\">Convenio Colaboraci\u00f3n Hospital Sant Joan de D\u00e9u y Fundaci\u00f3n Noelia. Mayo 2017.<\/a><br \/>\n<a href=\"https:\/\/fundacionnoelia.org\/wp-content\/uploads\/2022\/03\/Convenio_HSJD_30.000euros_Abril_18.pdf\" target=\"_blank\" rel=\"noreferrer noopener\">Convenio Colaboraci\u00f3n Hospital Sant Joan de D\u00e9u y Fundaci\u00f3n Noelia. Abril 2018.<\/a><br \/>\n<a href=\"https:\/\/fundacionnoelia.org\/wp-content\/uploads\/2022\/03\/Convenio_HSJD-37.500euros_Sept_18.pdf\" target=\"_blank\" rel=\"noreferrer noopener\">Convenio Colaboraci\u00f3n Hospital Sant Joan de D\u00e9u y Fundaci\u00f3n Noelia. Septiembre 2018.<\/a><br \/>\n<a href=\"https:\/\/fundacionnoelia.org\/wp-content\/uploads\/2022\/03\/Convenio_colaboracion_HSJD_Junio_2019.pdf\" target=\"_blank\" rel=\"noreferrer noopener\">Convenio Colaboraci\u00f3n Hospital Sant Joan de D\u00e9u y Fundaci\u00f3n Noelia. Junio 2019.<\/a><\/p>\n<p id=\"block-3b45f488-0c65-4710-bfd7-4a2afe8b11a5\"><strong>In collaboration with:<\/strong><\/p>\n<figure id=\"block-92629381-a06a-4108-8829-bbd7367033e1\" class=\"wp-block-image\"><img loading=\"lazy\" decoding=\"async\" class=\"alignnone size-full wp-image-1122\" src=\"https:\/\/fundacionnoelia.org\/wp-content\/uploads\/2022\/03\/Bankia_enaccion_web.jpg\" alt=\"\" width=\"200\" height=\"65\" \/> \u00a0 <img loading=\"lazy\" decoding=\"async\" class=\"alignnone size-medium wp-image-1124\" src=\"https:\/\/fundacionnoelia.org\/wp-content\/uploads\/2022\/03\/CESCE_web.jpg\" alt=\"\" width=\"200\" height=\"65\" \/><\/figure>\n[\/vc_column_text][vc_empty_space]<div class=\"wpex-slider-preloaderimg \"><img loading=\"lazy\" decoding=\"async\" width=\"295\" height=\"275\" src=\"https:\/\/fundacionnoelia.org\/wp-content\/uploads\/2022\/03\/4.jpg\" class=\"skip-lazy\" alt=\"\" data-no-lazy=\"1\" \/><\/div><div class=\"vcex-module wpex-slider slider-pro no-margin-thumbnails vcex-image-gallery-slider wpex-clr\" data-thumbnails=\"true\" data-thumbnail-height=\"auto\" data-auto-play-delay=\"5000\" data-animation-speed=\"600\" data-height-animation-duration=\"500\"><div class=\"wpex-slider-slides sp-slides\"><div class=\"wpex-slider-slide sp-slide\"><div class=\"wpex-slider-media\"><img loading=\"lazy\" decoding=\"async\" width=\"295\" height=\"275\" src=\"https:\/\/fundacionnoelia.org\/wp-content\/uploads\/2022\/03\/4.jpg\" class=\"skip-lazy\" alt=\"\" data-no-lazy=\"1\" \/><\/div><\/div><div class=\"wpex-slider-slide sp-slide\"><div class=\"wpex-slider-media\"><img loading=\"lazy\" decoding=\"async\" width=\"1000\" height=\"682\" src=\"https:\/\/fundacionnoelia.org\/wp-content\/uploads\/2022\/03\/1.jpg\" class=\"skip-lazy\" alt=\"\" data-no-lazy=\"1\" srcset=\"https:\/\/fundacionnoelia.org\/wp-content\/uploads\/2022\/03\/1.jpg 1000w, https:\/\/fundacionnoelia.org\/wp-content\/uploads\/2022\/03\/1-300x205.jpg 300w, https:\/\/fundacionnoelia.org\/wp-content\/uploads\/2022\/03\/1-768x524.jpg 768w, https:\/\/fundacionnoelia.org\/wp-content\/uploads\/2022\/03\/1-600x409.jpg 600w\" sizes=\"auto, (max-width: 1000px) 100vw, 1000px\" \/><\/div><\/div><div class=\"wpex-slider-slide sp-slide\"><div class=\"wpex-slider-media\"><img loading=\"lazy\" decoding=\"async\" width=\"1024\" height=\"611\" src=\"https:\/\/fundacionnoelia.org\/wp-content\/uploads\/2022\/03\/2.jpg\" class=\"skip-lazy\" alt=\"\" data-no-lazy=\"1\" srcset=\"https:\/\/fundacionnoelia.org\/wp-content\/uploads\/2022\/03\/2.jpg 1024w, https:\/\/fundacionnoelia.org\/wp-content\/uploads\/2022\/03\/2-300x179.jpg 300w, https:\/\/fundacionnoelia.org\/wp-content\/uploads\/2022\/03\/2-768x458.jpg 768w, https:\/\/fundacionnoelia.org\/wp-content\/uploads\/2022\/03\/2-600x358.jpg 600w\" sizes=\"auto, (max-width: 1024px) 100vw, 1024px\" \/><\/div><\/div><div class=\"wpex-slider-slide sp-slide\"><div class=\"wpex-slider-media\"><img loading=\"lazy\" decoding=\"async\" width=\"1024\" height=\"768\" src=\"https:\/\/fundacionnoelia.org\/wp-content\/uploads\/2022\/03\/3.jpg\" class=\"skip-lazy\" alt=\"\" data-no-lazy=\"1\" srcset=\"https:\/\/fundacionnoelia.org\/wp-content\/uploads\/2022\/03\/3.jpg 1024w, https:\/\/fundacionnoelia.org\/wp-content\/uploads\/2022\/03\/3-300x225.jpg 300w, https:\/\/fundacionnoelia.org\/wp-content\/uploads\/2022\/03\/3-768x576.jpg 768w, https:\/\/fundacionnoelia.org\/wp-content\/uploads\/2022\/03\/3-600x450.jpg 600w\" sizes=\"auto, (max-width: 1024px) 100vw, 1024px\" \/><\/div><\/div><\/div><div class=\"wpex-slider-thumbnails sp-nc-thumbnails cols-5\"><img loading=\"lazy\" decoding=\"async\" width=\"295\" height=\"275\" src=\"https:\/\/fundacionnoelia.org\/wp-content\/uploads\/2022\/03\/4.jpg\" class=\"wpex-slider-thumbnail sp-nc-thumbnail skip-lazy\" alt=\"\" data-no-lazy=\"1\" \/><img loading=\"lazy\" decoding=\"async\" width=\"1000\" height=\"682\" src=\"https:\/\/fundacionnoelia.org\/wp-content\/uploads\/2022\/03\/1.jpg\" class=\"wpex-slider-thumbnail sp-nc-thumbnail skip-lazy\" alt=\"\" data-no-lazy=\"1\" srcset=\"https:\/\/fundacionnoelia.org\/wp-content\/uploads\/2022\/03\/1.jpg 1000w, https:\/\/fundacionnoelia.org\/wp-content\/uploads\/2022\/03\/1-300x205.jpg 300w, https:\/\/fundacionnoelia.org\/wp-content\/uploads\/2022\/03\/1-768x524.jpg 768w, https:\/\/fundacionnoelia.org\/wp-content\/uploads\/2022\/03\/1-600x409.jpg 600w\" sizes=\"auto, (max-width: 1000px) 100vw, 1000px\" \/><img loading=\"lazy\" decoding=\"async\" width=\"1024\" height=\"611\" src=\"https:\/\/fundacionnoelia.org\/wp-content\/uploads\/2022\/03\/2.jpg\" class=\"wpex-slider-thumbnail sp-nc-thumbnail skip-lazy\" alt=\"\" data-no-lazy=\"1\" srcset=\"https:\/\/fundacionnoelia.org\/wp-content\/uploads\/2022\/03\/2.jpg 1024w, https:\/\/fundacionnoelia.org\/wp-content\/uploads\/2022\/03\/2-300x179.jpg 300w, https:\/\/fundacionnoelia.org\/wp-content\/uploads\/2022\/03\/2-768x458.jpg 768w, https:\/\/fundacionnoelia.org\/wp-content\/uploads\/2022\/03\/2-600x358.jpg 600w\" sizes=\"auto, (max-width: 1024px) 100vw, 1024px\" \/><img loading=\"lazy\" decoding=\"async\" width=\"1024\" height=\"768\" src=\"https:\/\/fundacionnoelia.org\/wp-content\/uploads\/2022\/03\/3.jpg\" class=\"wpex-slider-thumbnail sp-nc-thumbnail skip-lazy\" alt=\"\" data-no-lazy=\"1\" srcset=\"https:\/\/fundacionnoelia.org\/wp-content\/uploads\/2022\/03\/3.jpg 1024w, https:\/\/fundacionnoelia.org\/wp-content\/uploads\/2022\/03\/3-300x225.jpg 300w, https:\/\/fundacionnoelia.org\/wp-content\/uploads\/2022\/03\/3-768x576.jpg 768w, https:\/\/fundacionnoelia.org\/wp-content\/uploads\/2022\/03\/3-600x450.jpg 600w\" sizes=\"auto, (max-width: 1024px) 100vw, 1024px\" \/><\/div><\/div>[\/vc_column][vc_column width=&#8221;1\/6&#8243;][\/vc_column][\/vc_row]\n","protected":false},"excerpt":{"rendered":"<p>[vc_row][vc_column width=&#8221;1\/6&#8243;][\/vc_column][vc_column width=&#8221;4\/6&#8243;][vc_empty_space][vc_empty_space][vc_column_text] NATURAL HISTORY, DIAGNOSIS AND TREATMENT OF COLLAGEN VI-RELATED MUSCULAR DYSTROPHIES [\/vc_column_text][vc_empty_space][vc_column_text] Project description The project includes: Application of CRISPR-Cas9 technology:\u00a0Investigating the application of gene editing technology to dominant mutations in collagen-VI genes. It is based on the use of specifically designed RNA molecules that guide the Cas9 nuclease to the desired sequence,&hellip;<\/p>\n","protected":false},"author":1,"featured_media":0,"parent":19389,"menu_order":0,"comment_status":"closed","ping_status":"closed","template":"","meta":{"footnotes":""},"class_list":["post-19405","page","type-page","status-publish","hentry","entry","no-media"],"yoast_head":"<!-- This site is optimized with the Yoast SEO plugin v27.2 - https:\/\/yoast.com\/product\/yoast-seo-wordpress\/ -->\n<title>Natural History, diagnosis and treatment of collagen VI-related muscular dystrophies - Fundaci\u00f3n Noelia<\/title>\n<meta name=\"robots\" content=\"index, follow, max-snippet:-1, max-image-preview:large, max-video-preview:-1\" \/>\n<link rel=\"canonical\" href=\"https:\/\/fundacionnoelia.org\/en\/research-projects\/natural-history-diagnosis-and-treatment-of-collagen-vi-related-muscular-dystrophies\/\" \/>\n<meta property=\"og:locale\" content=\"en_US\" \/>\n<meta property=\"og:type\" content=\"article\" \/>\n<meta property=\"og:title\" content=\"Natural History, diagnosis and treatment of collagen VI-related muscular dystrophies - Fundaci\u00f3n Noelia\" \/>\n<meta property=\"og:description\" content=\"[vc_row][vc_column width=&#8221;1\/6&#8243;][\/vc_column][vc_column width=&#8221;4\/6&#8243;][vc_empty_space][vc_empty_space][vc_column_text] NATURAL HISTORY, DIAGNOSIS AND TREATMENT OF COLLAGEN VI-RELATED MUSCULAR DYSTROPHIES [\/vc_column_text][vc_empty_space][vc_column_text] Project description The project includes: Application of CRISPR-Cas9 technology:\u00a0Investigating the application of gene editing technology to dominant mutations in collagen-VI genes. It is based on the use of specifically designed RNA molecules that guide the Cas9 nuclease to the desired sequence,&hellip;\" \/>\n<meta property=\"og:url\" content=\"https:\/\/fundacionnoelia.org\/en\/research-projects\/natural-history-diagnosis-and-treatment-of-collagen-vi-related-muscular-dystrophies\/\" \/>\n<meta property=\"og:site_name\" content=\"Fundaci\u00f3n Noelia\" \/>\n<meta property=\"article:modified_time\" content=\"2022-04-04T11:52:36+00:00\" \/>\n<meta property=\"og:image\" content=\"https:\/\/fundacionnoelia.org\/wp-content\/uploads\/2022\/03\/Bankia_enaccion_web.jpg\" \/>\n<meta name=\"twitter:card\" content=\"summary_large_image\" \/>\n<meta name=\"twitter:label1\" content=\"Est. reading time\" \/>\n\t<meta name=\"twitter:data1\" content=\"3 minutes\" \/>\n<script type=\"application\/ld+json\" class=\"yoast-schema-graph\">{\"@context\":\"https:\/\/schema.org\",\"@graph\":[{\"@type\":\"WebPage\",\"@id\":\"https:\/\/fundacionnoelia.org\/en\/research-projects\/natural-history-diagnosis-and-treatment-of-collagen-vi-related-muscular-dystrophies\/\",\"url\":\"https:\/\/fundacionnoelia.org\/en\/research-projects\/natural-history-diagnosis-and-treatment-of-collagen-vi-related-muscular-dystrophies\/\",\"name\":\"Natural History, diagnosis and treatment of collagen VI-related muscular dystrophies - Fundaci\u00f3n Noelia\",\"isPartOf\":{\"@id\":\"https:\/\/fundacionnoelia.org\/en\/#website\"},\"primaryImageOfPage\":{\"@id\":\"https:\/\/fundacionnoelia.org\/en\/research-projects\/natural-history-diagnosis-and-treatment-of-collagen-vi-related-muscular-dystrophies\/#primaryimage\"},\"image\":{\"@id\":\"https:\/\/fundacionnoelia.org\/en\/research-projects\/natural-history-diagnosis-and-treatment-of-collagen-vi-related-muscular-dystrophies\/#primaryimage\"},\"thumbnailUrl\":\"https:\/\/fundacionnoelia.org\/wp-content\/uploads\/2022\/03\/Bankia_enaccion_web.jpg\",\"datePublished\":\"2022-04-04T10:38:23+00:00\",\"dateModified\":\"2022-04-04T11:52:36+00:00\",\"breadcrumb\":{\"@id\":\"https:\/\/fundacionnoelia.org\/en\/research-projects\/natural-history-diagnosis-and-treatment-of-collagen-vi-related-muscular-dystrophies\/#breadcrumb\"},\"inLanguage\":\"en-US\",\"potentialAction\":[{\"@type\":\"ReadAction\",\"target\":[\"https:\/\/fundacionnoelia.org\/en\/research-projects\/natural-history-diagnosis-and-treatment-of-collagen-vi-related-muscular-dystrophies\/\"]}]},{\"@type\":\"ImageObject\",\"inLanguage\":\"en-US\",\"@id\":\"https:\/\/fundacionnoelia.org\/en\/research-projects\/natural-history-diagnosis-and-treatment-of-collagen-vi-related-muscular-dystrophies\/#primaryimage\",\"url\":\"https:\/\/fundacionnoelia.org\/wp-content\/uploads\/2022\/03\/Bankia_enaccion_web.jpg\",\"contentUrl\":\"https:\/\/fundacionnoelia.org\/wp-content\/uploads\/2022\/03\/Bankia_enaccion_web.jpg\"},{\"@type\":\"BreadcrumbList\",\"@id\":\"https:\/\/fundacionnoelia.org\/en\/research-projects\/natural-history-diagnosis-and-treatment-of-collagen-vi-related-muscular-dystrophies\/#breadcrumb\",\"itemListElement\":[{\"@type\":\"ListItem\",\"position\":1,\"name\":\"Portada\",\"item\":\"https:\/\/fundacionnoelia.org\/en\/\"},{\"@type\":\"ListItem\",\"position\":2,\"name\":\"Research Projects\",\"item\":\"https:\/\/fundacionnoelia.org\/en\/research-projects\/\"},{\"@type\":\"ListItem\",\"position\":3,\"name\":\"Natural History, diagnosis and treatment of collagen VI-related muscular dystrophies\"}]},{\"@type\":\"WebSite\",\"@id\":\"https:\/\/fundacionnoelia.org\/en\/#website\",\"url\":\"https:\/\/fundacionnoelia.org\/en\/\",\"name\":\"Fundaci\u00f3n Noelia\",\"description\":\"Just another WordPress site\",\"publisher\":{\"@id\":\"https:\/\/fundacionnoelia.org\/en\/#organization\"},\"potentialAction\":[{\"@type\":\"SearchAction\",\"target\":{\"@type\":\"EntryPoint\",\"urlTemplate\":\"https:\/\/fundacionnoelia.org\/en\/?s={search_term_string}\"},\"query-input\":{\"@type\":\"PropertyValueSpecification\",\"valueRequired\":true,\"valueName\":\"search_term_string\"}}],\"inLanguage\":\"en-US\"},{\"@type\":\"Organization\",\"@id\":\"https:\/\/fundacionnoelia.org\/en\/#organization\",\"name\":\"Fundaci\u00f3n Noelia\",\"url\":\"https:\/\/fundacionnoelia.org\/en\/\",\"logo\":{\"@type\":\"ImageObject\",\"inLanguage\":\"en-US\",\"@id\":\"https:\/\/fundacionnoelia.org\/en\/#\/schema\/logo\/image\/\",\"url\":\"https:\/\/fundacionnoelia.org\/wp-content\/uploads\/2022\/04\/logo_fundacion_noelia_transparente_peq.png\",\"contentUrl\":\"https:\/\/fundacionnoelia.org\/wp-content\/uploads\/2022\/04\/logo_fundacion_noelia_transparente_peq.png\",\"width\":391,\"height\":150,\"caption\":\"Fundaci\u00f3n Noelia\"},\"image\":{\"@id\":\"https:\/\/fundacionnoelia.org\/en\/#\/schema\/logo\/image\/\"}}]}<\/script>\n<!-- \/ Yoast SEO plugin. -->","yoast_head_json":{"title":"Natural History, diagnosis and treatment of collagen VI-related muscular dystrophies - Fundaci\u00f3n Noelia","robots":{"index":"index","follow":"follow","max-snippet":"max-snippet:-1","max-image-preview":"max-image-preview:large","max-video-preview":"max-video-preview:-1"},"canonical":"https:\/\/fundacionnoelia.org\/en\/research-projects\/natural-history-diagnosis-and-treatment-of-collagen-vi-related-muscular-dystrophies\/","og_locale":"en_US","og_type":"article","og_title":"Natural History, diagnosis and treatment of collagen VI-related muscular dystrophies - Fundaci\u00f3n Noelia","og_description":"[vc_row][vc_column width=&#8221;1\/6&#8243;][\/vc_column][vc_column width=&#8221;4\/6&#8243;][vc_empty_space][vc_empty_space][vc_column_text] NATURAL HISTORY, DIAGNOSIS AND TREATMENT OF COLLAGEN VI-RELATED MUSCULAR DYSTROPHIES [\/vc_column_text][vc_empty_space][vc_column_text] Project description The project includes: Application of CRISPR-Cas9 technology:\u00a0Investigating the application of gene editing technology to dominant mutations in collagen-VI genes. It is based on the use of specifically designed RNA molecules that guide the Cas9 nuclease to the desired sequence,&hellip;","og_url":"https:\/\/fundacionnoelia.org\/en\/research-projects\/natural-history-diagnosis-and-treatment-of-collagen-vi-related-muscular-dystrophies\/","og_site_name":"Fundaci\u00f3n Noelia","article_modified_time":"2022-04-04T11:52:36+00:00","og_image":[{"url":"https:\/\/fundacionnoelia.org\/wp-content\/uploads\/2022\/03\/Bankia_enaccion_web.jpg","type":"","width":"","height":""}],"twitter_card":"summary_large_image","twitter_misc":{"Est. reading time":"3 minutes"},"schema":{"@context":"https:\/\/schema.org","@graph":[{"@type":"WebPage","@id":"https:\/\/fundacionnoelia.org\/en\/research-projects\/natural-history-diagnosis-and-treatment-of-collagen-vi-related-muscular-dystrophies\/","url":"https:\/\/fundacionnoelia.org\/en\/research-projects\/natural-history-diagnosis-and-treatment-of-collagen-vi-related-muscular-dystrophies\/","name":"Natural History, diagnosis and treatment of collagen VI-related muscular dystrophies - Fundaci\u00f3n Noelia","isPartOf":{"@id":"https:\/\/fundacionnoelia.org\/en\/#website"},"primaryImageOfPage":{"@id":"https:\/\/fundacionnoelia.org\/en\/research-projects\/natural-history-diagnosis-and-treatment-of-collagen-vi-related-muscular-dystrophies\/#primaryimage"},"image":{"@id":"https:\/\/fundacionnoelia.org\/en\/research-projects\/natural-history-diagnosis-and-treatment-of-collagen-vi-related-muscular-dystrophies\/#primaryimage"},"thumbnailUrl":"https:\/\/fundacionnoelia.org\/wp-content\/uploads\/2022\/03\/Bankia_enaccion_web.jpg","datePublished":"2022-04-04T10:38:23+00:00","dateModified":"2022-04-04T11:52:36+00:00","breadcrumb":{"@id":"https:\/\/fundacionnoelia.org\/en\/research-projects\/natural-history-diagnosis-and-treatment-of-collagen-vi-related-muscular-dystrophies\/#breadcrumb"},"inLanguage":"en-US","potentialAction":[{"@type":"ReadAction","target":["https:\/\/fundacionnoelia.org\/en\/research-projects\/natural-history-diagnosis-and-treatment-of-collagen-vi-related-muscular-dystrophies\/"]}]},{"@type":"ImageObject","inLanguage":"en-US","@id":"https:\/\/fundacionnoelia.org\/en\/research-projects\/natural-history-diagnosis-and-treatment-of-collagen-vi-related-muscular-dystrophies\/#primaryimage","url":"https:\/\/fundacionnoelia.org\/wp-content\/uploads\/2022\/03\/Bankia_enaccion_web.jpg","contentUrl":"https:\/\/fundacionnoelia.org\/wp-content\/uploads\/2022\/03\/Bankia_enaccion_web.jpg"},{"@type":"BreadcrumbList","@id":"https:\/\/fundacionnoelia.org\/en\/research-projects\/natural-history-diagnosis-and-treatment-of-collagen-vi-related-muscular-dystrophies\/#breadcrumb","itemListElement":[{"@type":"ListItem","position":1,"name":"Portada","item":"https:\/\/fundacionnoelia.org\/en\/"},{"@type":"ListItem","position":2,"name":"Research Projects","item":"https:\/\/fundacionnoelia.org\/en\/research-projects\/"},{"@type":"ListItem","position":3,"name":"Natural History, diagnosis and treatment of collagen VI-related muscular dystrophies"}]},{"@type":"WebSite","@id":"https:\/\/fundacionnoelia.org\/en\/#website","url":"https:\/\/fundacionnoelia.org\/en\/","name":"Fundaci\u00f3n Noelia","description":"Just another WordPress site","publisher":{"@id":"https:\/\/fundacionnoelia.org\/en\/#organization"},"potentialAction":[{"@type":"SearchAction","target":{"@type":"EntryPoint","urlTemplate":"https:\/\/fundacionnoelia.org\/en\/?s={search_term_string}"},"query-input":{"@type":"PropertyValueSpecification","valueRequired":true,"valueName":"search_term_string"}}],"inLanguage":"en-US"},{"@type":"Organization","@id":"https:\/\/fundacionnoelia.org\/en\/#organization","name":"Fundaci\u00f3n Noelia","url":"https:\/\/fundacionnoelia.org\/en\/","logo":{"@type":"ImageObject","inLanguage":"en-US","@id":"https:\/\/fundacionnoelia.org\/en\/#\/schema\/logo\/image\/","url":"https:\/\/fundacionnoelia.org\/wp-content\/uploads\/2022\/04\/logo_fundacion_noelia_transparente_peq.png","contentUrl":"https:\/\/fundacionnoelia.org\/wp-content\/uploads\/2022\/04\/logo_fundacion_noelia_transparente_peq.png","width":391,"height":150,"caption":"Fundaci\u00f3n Noelia"},"image":{"@id":"https:\/\/fundacionnoelia.org\/en\/#\/schema\/logo\/image\/"}}]}},"_links":{"self":[{"href":"https:\/\/fundacionnoelia.org\/en\/wp-json\/wp\/v2\/pages\/19405","targetHints":{"allow":["GET"]}}],"collection":[{"href":"https:\/\/fundacionnoelia.org\/en\/wp-json\/wp\/v2\/pages"}],"about":[{"href":"https:\/\/fundacionnoelia.org\/en\/wp-json\/wp\/v2\/types\/page"}],"author":[{"embeddable":true,"href":"https:\/\/fundacionnoelia.org\/en\/wp-json\/wp\/v2\/users\/1"}],"replies":[{"embeddable":true,"href":"https:\/\/fundacionnoelia.org\/en\/wp-json\/wp\/v2\/comments?post=19405"}],"version-history":[{"count":4,"href":"https:\/\/fundacionnoelia.org\/en\/wp-json\/wp\/v2\/pages\/19405\/revisions"}],"predecessor-version":[{"id":19451,"href":"https:\/\/fundacionnoelia.org\/en\/wp-json\/wp\/v2\/pages\/19405\/revisions\/19451"}],"up":[{"embeddable":true,"href":"https:\/\/fundacionnoelia.org\/en\/wp-json\/wp\/v2\/pages\/19389"}],"wp:attachment":[{"href":"https:\/\/fundacionnoelia.org\/en\/wp-json\/wp\/v2\/media?parent=19405"}],"curies":[{"name":"wp","href":"https:\/\/api.w.org\/{rel}","templated":true}]}}